{"id":1099,"date":"2023-01-06T13:36:28","date_gmt":"2023-01-06T12:36:28","guid":{"rendered":"https:\/\/www.inner-alchemy.eu\/?page_id=1099"},"modified":"2026-03-10T20:12:19","modified_gmt":"2026-03-10T19:12:19","slug":"ochrana-osobnych-udajov","status":"publish","type":"page","link":"https:\/\/www.inner-alchemy.eu\/en\/ochrana-osobnych-udajov\/","title":{"rendered":"Privacy policy"},"content":{"rendered":"<div data-elementor-type=\"wp-page\" data-elementor-id=\"1099\" class=\"elementor elementor-1099\" data-elementor-post-type=\"page\">\n\t\t\t\t<div class=\"elementor-element elementor-element-61abd46 e-flex e-con-boxed e-con e-parent\" data-id=\"61abd46\" data-element_type=\"container\" data-e-type=\"container\" data-settings=\"{&quot;background_background&quot;:&quot;classic&quot;}\">\n\t\t\t\t\t<div class=\"e-con-inner\">\n\t\t<div class=\"elementor-element elementor-element-ce4c7f3 e-con-full e-flex e-con e-child\" data-id=\"ce4c7f3\" data-element_type=\"container\" data-e-type=\"container\" data-settings=\"{&quot;background_background&quot;:&quot;classic&quot;}\">\n\t\t\t\t<div class=\"elementor-element elementor-element-f203c78 elementor-widget elementor-widget-heading\" data-id=\"f203c78\" data-element_type=\"widget\" data-e-type=\"widget\" data-widget_type=\"heading.default\">\n\t\t\t\t<div class=\"elementor-widget-container\">\n\t\t\t\t\t<h1 class=\"elementor-heading-title elementor-size-default\">Privacy policy<\/h1>\t\t\t\t<\/div>\n\t\t\t\t<\/div>\n\t\t\t\t<div class=\"elementor-element elementor-element-f5cb6da elementor-widget elementor-widget-text-editor\" data-id=\"f5cb6da\" data-element_type=\"widget\" data-e-type=\"widget\" data-widget_type=\"text-editor.default\">\n\t\t\t\t<div class=\"elementor-widget-container\">\n\t\t\t\t\t\t\t\t\t<p><style>\nbody{<br \/>font-family:Calibri, Arial, sans-serif;<br \/>font-size:12pt;<br \/>line-height:1.5;<br \/>color:#000;<\/p>\n<p>}<br \/>h1{<br \/>font-size:20pt;<br \/>margin-top:30px;<br \/>margin-bottom:10px;<br \/>}<br \/>p{<br \/>margin-bottom:10px;<br \/>}<br \/>ul{<br \/>margin-bottom:15px;<br \/>}<br \/><\/style>\n<\/p>\n<h5>Ochrana osobn\u00fdch \u00fadajov (GDPR)<\/h5>\n<p>Tieto z\u00e1sady ochrany osobn\u00fdch \u00fadajov vysvet\u013euj\u00fa, ako webov\u00e1 str\u00e1nka <strong>inner-alchemy.eu<\/strong> sprac\u00fava osobn\u00e9 \u00fadaje v s\u00falade s Nariaden\u00edm Eur\u00f3pskeho parlamentu a Rady (E\u00da) 2016\/679 o ochrane osobn\u00fdch \u00fadajov (GDPR) a z\u00e1konom \u010d. 18\/2018 Z. z. o ochrane osobn\u00fdch \u00fadajov.<\/p>\n<p>Cie\u013eom tohto dokumentu je informova\u0165 n\u00e1v\u0161tevn\u00edkov webovej str\u00e1nky o tom:<\/p>\n<ul>\n<li>ak\u00e9 osobn\u00e9 \u00fadaje sprac\u00favame<\/li>\n<li>na ak\u00fd \u00fa\u010del ich sprac\u00favame<\/li>\n<li>na akom pr\u00e1vnom z\u00e1klade ich sprac\u00favame<\/li>\n<li>ako dlho osobn\u00e9 \u00fadaje uchov\u00e1vame<\/li>\n<li>ak\u00e9 pr\u00e1va maj\u00fa dotknut\u00e9 osoby<\/li>\n<\/ul>\n<h5>Prev\u00e1dzkovate\u013e osobn\u00fdch \u00fadajov<\/h5>\n<p>Prev\u00e1dzkovate\u013eom osobn\u00fdch \u00fadajov je:<\/p>\n<p><b>INNER ALCHEMY s.r.o.<\/b><\/p>\n<p><b>B\u00fadkov\u00e1 7640\/44, 81104, Bratislava \u2013 Star\u00e9 mesto<\/b><\/p>\n<p><b style=\"font-style: inherit;\">I\u010cO: 56014431<\/b><\/p>\n<p><b>DI\u010c: 2122163725<\/b><\/p>\n<p><span style=\"font-style: inherit; font-weight: inherit;\">Webov\u00e1 str\u00e1nka: inner-alchemy.eu<\/span><\/p>\n<p>Email: info@inner-alchemy.eu<br>Telef\u00f3n: +421 905 234 844<\/p>\n<h5>Rozsah sprac\u00favan\u00fdch osobn\u00fdch \u00fadajov<\/h5>\n<p>Pri pou\u017e\u00edvan\u00ed webovej str\u00e1nky m\u00f4\u017eeme sprac\u00fava\u0165 najm\u00e4 tieto osobn\u00e9 \u00fadaje:<\/p>\n<ul>\n<li>meno a priezvisko<\/li>\n<li>e-mailov\u00e1 adresa<\/li>\n<li>telef\u00f3nne \u010d\u00edslo<\/li>\n<li>faktura\u010dn\u00e9 \u00fadaje (v pr\u00edpade objedn\u00e1vky slu\u017eieb alebo kurzov)<\/li>\n<li>\u00fadaje uveden\u00e9 v kontaktnom formul\u00e1ri<\/li>\n<li>IP adresa a technick\u00e9 \u00fadaje o zariaden\u00ed<\/li>\n<li>\u00fadaje z\u00edskan\u00e9 prostredn\u00edctvom cookies<\/li>\n<\/ul>\n<p>Tieto \u00fadaje z\u00edskavame najm\u00e4 prostredn\u00edctvom:<\/p>\n<ul>\n<li>kontaktn\u00fdch formul\u00e1rov na webovej str\u00e1nke<\/li>\n<li>objedn\u00e1vkov\u00fdch formul\u00e1rov<\/li>\n<li>registr\u00e1cie na kurzy alebo semin\u00e1re<\/li>\n<li>komunik\u00e1cie prostredn\u00edctvom e-mailu<\/li>\n<li>pou\u017e\u00edvania webovej str\u00e1nky<\/li>\n<\/ul>\n<h5>\u00da\u010del spracovania osobn\u00fdch \u00fadajov<\/h5>\n<p><strong>Poskytovanie slu\u017eieb a kurzov<\/strong><\/p>\n<p>Osobn\u00e9 \u00fadaje sprac\u00favame za \u00fa\u010delom spracovania objedn\u00e1vok, registr\u00e1cie \u00fa\u010dastn\u00edkov kurzov alebo semin\u00e1rov a komunik\u00e1cie so z\u00e1kazn\u00edkmi.<\/p>\n<p>Pr\u00e1vny z\u00e1klad: plnenie zmluvy<\/p>\n<p><strong>Komunik\u00e1cia s n\u00e1v\u0161tevn\u00edkmi webovej str\u00e1nky<\/strong><\/p>\n<p>Spracovanie osobn\u00fdch \u00fadajov je potrebn\u00e9 na odpovedanie na ot\u00e1zky zaslan\u00e9 prostredn\u00edctvom kontaktn\u00e9ho formul\u00e1ra alebo e-mailu.<\/p>\n<p>Pr\u00e1vny z\u00e1klad: opr\u00e1vnen\u00fd z\u00e1ujem alebo predzmluvn\u00fd vz\u0165ah<\/p>\n<p><strong>Contact Form<\/strong><\/p>\n<p>Ak n\u00e1s kontaktujete prostredn\u00edctvom formul\u00e1ra na webovej str\u00e1nke, sprac\u00favame osobn\u00e9 \u00fadaje uveden\u00e9 vo formul\u00e1ri za \u00fa\u010delom odpovede na va\u0161u spr\u00e1vu alebo vybavenia va\u0161ej po\u017eiadavky.<\/p>\n<p>Pr\u00e1vny z\u00e1klad: opr\u00e1vnen\u00fd z\u00e1ujem alebo predzmluvn\u00fd vz\u0165ah<\/p>\n<p><strong>Plnenie z\u00e1konn\u00fdch povinnost\u00ed<\/strong><\/p>\n<p>Spracovanie osobn\u00fdch \u00fadajov m\u00f4\u017ee by\u0165 potrebn\u00e9 na splnenie z\u00e1konn\u00fdch povinnost\u00ed, napr\u00edklad v oblasti \u00fa\u010dtovn\u00edctva a da\u0148ov\u00fdch predpisov.<\/p>\n<p>Pr\u00e1vny z\u00e1klad: z\u00e1konn\u00e1 povinnos\u0165<\/p>\n<p><strong>Marketingov\u00e1 komunik\u00e1cia<\/strong><\/p>\n<p>V pr\u00edpade udelenia s\u00fahlasu m\u00f4\u017eeme sprac\u00fava\u0165 osobn\u00e9 \u00fadaje na zasielanie inform\u00e1ci\u00ed o slu\u017eb\u00e1ch alebo novink\u00e1ch.<\/p>\n<p>Pr\u00e1vny z\u00e1klad: s\u00fahlas dotknutej osoby<\/p>\n<h5>Cookies<\/h5>\n<p>Webov\u00e1 str\u00e1nka inner-alchemy.eu pou\u017e\u00edva cookies na zabezpe\u010denie spr\u00e1vneho fungovania str\u00e1nky a na anal\u00fdzu n\u00e1v\u0161tevnosti.<\/p>\n<p>Cookies m\u00f4\u017eu by\u0165 pou\u017eit\u00e9 napr\u00edklad na:<\/p>\n<ul>\n<li>zapam\u00e4tanie nastaven\u00ed pou\u017e\u00edvate\u013ea<\/li>\n<li>anal\u00fdzu n\u00e1v\u0161tevnosti str\u00e1nky<\/li>\n<li>zlep\u0161ovanie pou\u017e\u00edvate\u013esk\u00e9ho z\u00e1\u017eitku<\/li>\n<\/ul>\n<p>Pou\u017e\u00edvate\u013e m\u00f4\u017ee pou\u017e\u00edvanie cookies obmedzi\u0165 alebo zak\u00e1za\u0165 v nastaveniach svojho internetov\u00e9ho prehliada\u010da.<\/p>\n<p>Podrobnej\u0161ie inform\u00e1cie s\u00fa uveden\u00e9 v dokumente Cookies politika.<\/p>\n<h5>Pou\u017e\u00edvan\u00e9 slu\u017eby tret\u00edch str\u00e1n<\/h5>\n<p><strong>Google reCAPTCHA<\/strong><\/p>\n<p>Slu\u017eba sl\u00fa\u017ei na ochranu formul\u00e1rov pred spamom.<\/p>\n<p>Prev\u00e1dzkovate\u013e slu\u017eby: Google LLC<\/p>\n<p><strong>Google Analytics<\/strong><\/p>\n<p>Slu\u017eba sl\u00fa\u017ei na anal\u00fdzu n\u00e1v\u0161tevnosti webovej str\u00e1nky.<\/p>\n<p>Prev\u00e1dzkovate\u013e slu\u017eby: Google LLC<\/p>\n<p><strong>SimpleShop<\/strong><\/p>\n<p>Slu\u017eba sl\u00fa\u017ei na spracovanie objedn\u00e1vok a predaj digit\u00e1lnych produktov alebo kurzov.<\/p>\n<h5>Doba uchov\u00e1vania osobn\u00fdch \u00fadajov<\/h5>\n<p>Osobn\u00e9 \u00fadaje uchov\u00e1vame iba po dobu nevyhnutn\u00fa na splnenie \u00fa\u010delu spracovania alebo po dobu vy\u017eadovan\u00fa pr\u00e1vnymi predpismi.<\/p>\n<p>Najm\u00e4:<\/p>\n<ul>\n<li>komunik\u00e1cia cez formul\u00e1r \u2013 po dobu vybavenia po\u017eiadavky<\/li>\n<li>zmluvn\u00fd vz\u0165ah alebo objedn\u00e1vka \u2013 po\u010das trvania zmluvy a pod\u013ea z\u00e1konn\u00fdch leh\u00f4t<\/li>\n<li>marketingov\u00fd s\u00fahlas \u2013 do jeho odvolania<\/li>\n<\/ul>\n<h5>Prenos osobn\u00fdch \u00fadajov mimo E\u00da<\/h5>\n<p>Niektor\u00e9 slu\u017eby tret\u00edch str\u00e1n m\u00f4\u017eu sprac\u00fava\u0165 osobn\u00e9 \u00fadaje mimo Eur\u00f3pskej \u00fanie.<\/p>\n<p>Tak\u00fdto prenos sa uskuto\u010d\u0148uje iba v s\u00falade s GDPR a prostredn\u00edctvom \u0161tandardn\u00fdch zmluvn\u00fdch dolo\u017eiek schv\u00e1len\u00fdch Eur\u00f3pskou komisiou.<\/p>\n<h5>Pr\u00e1va dotknutej osoby<\/h5>\n<p>V s\u00favislosti so sprac\u00favan\u00edm osobn\u00fdch \u00fadajov m\u00e1te pr\u00e1vo:<\/p>\n<ul>\n<li>na pr\u00edstup k osobn\u00fdm \u00fadajom<\/li>\n<li>na opravu nespr\u00e1vnych \u00fadajov<\/li>\n<li>na vymazanie osobn\u00fdch \u00fadajov<\/li>\n<li>na obmedzenie spracovania<\/li>\n<li>namieta\u0165 proti spracovaniu<\/li>\n<li>na prenosnos\u0165 \u00fadajov<\/li>\n<\/ul>\n<p>Ak sa domnievate, \u017ee va\u0161e osobn\u00e9 \u00fadaje s\u00fa sprac\u00favan\u00e9 v rozpore s pr\u00e1vnymi predpismi, m\u00e1te pr\u00e1vo poda\u0165 s\u0165a\u017enos\u0165 dozorn\u00e9mu org\u00e1nu.<\/p>\n<p><strong>\u00darad na ochranu osobn\u00fdch \u00fadajov Slovenskej republiky<\/strong><\/p>\n<h5>Contact<\/h5>\n<p>Ak m\u00e1te ot\u00e1zky t\u00fdkaj\u00face sa ochrany osobn\u00fdch \u00fadajov alebo chcete uplatni\u0165 svoje pr\u00e1va, m\u00f4\u017eete n\u00e1s kontaktova\u0165:<\/p>\n<p>Email: info@inner-alchemy.eu<br>Telef\u00f3n: +421 905 234 844<\/p>\t\t\t\t\t\t\t\t<\/div>\n\t\t\t\t<\/div>\n\t\t\t\t<\/div>\n\t\t\t\t\t<\/div>\n\t\t\t\t<\/div>\n\t\t\t\t<\/div>","protected":false},"excerpt":{"rendered":"<p>Ochrana osobn\u00fdch \u00fadajov Ochrana osobn\u00fdch \u00fadajov (GDPR) Tieto z\u00e1sady ochrany osobn\u00fdch \u00fadajov vysvet\u013euj\u00fa, ako webov\u00e1 str\u00e1nka inner-alchemy.eu sprac\u00fava osobn\u00e9 \u00fadaje v s\u00falade s Nariaden\u00edm Eur\u00f3pskeho parlamentu a Rady (E\u00da) 2016\/679 o ochrane osobn\u00fdch \u00fadajov (GDPR) a z\u00e1konom \u010d. 18\/2018 Z. z. o ochrane osobn\u00fdch \u00fadajov. Cie\u013eom tohto dokumentu je informova\u0165 n\u00e1v\u0161tevn\u00edkov webovej str\u00e1nky o tom: [&hellip;]<\/p>\n","protected":false},"author":1,"featured_media":0,"parent":0,"menu_order":0,"comment_status":"closed","ping_status":"closed","template":"","meta":{"site-sidebar-layout":"no-sidebar","site-content-layout":"page-builder","ast-site-content-layout":"default","site-content-style":"default","site-sidebar-style":"default","ast-global-header-display":"","ast-banner-title-visibility":"","ast-main-header-display":"","ast-hfb-above-header-display":"","ast-hfb-below-header-display":"","ast-hfb-mobile-header-display":"","site-post-title":"disabled","ast-breadcrumbs-content":"","ast-featured-img":"disabled","footer-sml-layout":"","ast-disable-related-posts":"","theme-transparent-header-meta":"","adv-header-id-meta":"","stick-header-meta":"","header-above-stick-meta":"","header-main-stick-meta":"","header-below-stick-meta":"","astra-migrate-meta-layouts":"default","ast-page-background-enabled":"default","ast-page-background-meta":{"desktop":{"background-color":"","background-image":"","background-repeat":"repeat","background-position":"center center","background-size":"auto","background-attachment":"scroll","background-type":"","background-media":"","overlay-type":"","overlay-color":"","overlay-opacity":"","overlay-gradient":""},"tablet":{"background-color":"","background-image":"","background-repeat":"repeat","background-position":"center center","background-size":"auto","background-attachment":"scroll","background-type":"","background-media":"","overlay-type":"","overlay-color":"","overlay-opacity":"","overlay-gradient":""},"mobile":{"background-color":"","background-image":"","background-repeat":"repeat","background-position":"center center","background-size":"auto","background-attachment":"scroll","background-type":"","background-media":"","overlay-type":"","overlay-color":"","overlay-opacity":"","overlay-gradient":""}},"ast-content-background-meta":{"desktop":{"background-color":"var(--ast-global-color-5)","background-image":"","background-repeat":"repeat","background-position":"center center","background-size":"auto","background-attachment":"scroll","background-type":"","background-media":"","overlay-type":"","overlay-color":"","overlay-opacity":"","overlay-gradient":""},"tablet":{"background-color":"var(--ast-global-color-5)","background-image":"","background-repeat":"repeat","background-position":"center center","background-size":"auto","background-attachment":"scroll","background-type":"","background-media":"","overlay-type":"","overlay-color":"","overlay-opacity":"","overlay-gradient":""},"mobile":{"background-color":"var(--ast-global-color-5)","background-image":"","background-repeat":"repeat","background-position":"center center","background-size":"auto","background-attachment":"scroll","background-type":"","background-media":"","overlay-type":"","overlay-color":"","overlay-opacity":"","overlay-gradient":""}},"footnotes":""},"class_list":["post-1099","page","type-page","status-publish","hentry"],"yoast_head":"<!-- This site is optimized with the Yoast SEO plugin v27.4 - https:\/\/yoast.com\/product\/yoast-seo-wordpress\/ -->\n<title>Ochrana osobn\u00fdch \u00fadajov - Inner Alchemy<\/title>\n<meta name=\"robots\" content=\"index, follow, max-snippet:-1, max-image-preview:large, max-video-preview:-1\" \/>\n<link rel=\"canonical\" href=\"https:\/\/www.inner-alchemy.eu\/en\/ochrana-osobnych-udajov\/\" \/>\n<meta property=\"og:locale\" content=\"en_GB\" \/>\n<meta property=\"og:type\" content=\"article\" \/>\n<meta property=\"og:title\" content=\"Ochrana osobn\u00fdch \u00fadajov - Inner Alchemy\" \/>\n<meta property=\"og:description\" content=\"Ochrana osobn\u00fdch \u00fadajov Ochrana osobn\u00fdch \u00fadajov (GDPR) Tieto z\u00e1sady ochrany osobn\u00fdch \u00fadajov vysvet\u013euj\u00fa, ako webov\u00e1 str\u00e1nka inner-alchemy.eu sprac\u00fava osobn\u00e9 \u00fadaje v s\u00falade s Nariaden\u00edm Eur\u00f3pskeho parlamentu a Rady (E\u00da) 2016\/679 o ochrane osobn\u00fdch \u00fadajov (GDPR) a z\u00e1konom \u010d. 18\/2018 Z. z. o ochrane osobn\u00fdch \u00fadajov. Cie\u013eom tohto dokumentu je informova\u0165 n\u00e1v\u0161tevn\u00edkov webovej str\u00e1nky o tom: [&hellip;]\" \/>\n<meta property=\"og:url\" content=\"https:\/\/www.inner-alchemy.eu\/en\/ochrana-osobnych-udajov\/\" \/>\n<meta property=\"og:site_name\" content=\"Inner Alchemy\" \/>\n<meta property=\"article:modified_time\" content=\"2026-03-10T19:12:19+00:00\" \/>\n<meta name=\"twitter:card\" content=\"summary_large_image\" \/>\n<meta name=\"twitter:label1\" content=\"Estimated reading time\" \/>\n\t<meta name=\"twitter:data1\" content=\"4 minutes\" \/>\n<script type=\"application\/ld+json\" class=\"yoast-schema-graph\">{\"@context\":\"https:\\\/\\\/schema.org\",\"@graph\":[{\"@type\":\"WebPage\",\"@id\":\"https:\\\/\\\/www.inner-alchemy.eu\\\/ochrana-osobnych-udajov\\\/\",\"url\":\"https:\\\/\\\/www.inner-alchemy.eu\\\/ochrana-osobnych-udajov\\\/\",\"name\":\"Ochrana osobn\u00fdch \u00fadajov - Inner Alchemy\",\"isPartOf\":{\"@id\":\"https:\\\/\\\/www.inner-alchemy.eu\\\/#website\"},\"datePublished\":\"2023-01-06T12:36:28+00:00\",\"dateModified\":\"2026-03-10T19:12:19+00:00\",\"breadcrumb\":{\"@id\":\"https:\\\/\\\/www.inner-alchemy.eu\\\/ochrana-osobnych-udajov\\\/#breadcrumb\"},\"inLanguage\":\"en-GB\",\"potentialAction\":[{\"@type\":\"ReadAction\",\"target\":[\"https:\\\/\\\/www.inner-alchemy.eu\\\/ochrana-osobnych-udajov\\\/\"]}]},{\"@type\":\"BreadcrumbList\",\"@id\":\"https:\\\/\\\/www.inner-alchemy.eu\\\/ochrana-osobnych-udajov\\\/#breadcrumb\",\"itemListElement\":[{\"@type\":\"ListItem\",\"position\":1,\"name\":\"Domovsk\u00e1 str\u00e1nka\",\"item\":\"https:\\\/\\\/www.inner-alchemy.eu\\\/\"},{\"@type\":\"ListItem\",\"position\":2,\"name\":\"Ochrana osobn\u00fdch \u00fadajov\"}]},{\"@type\":\"WebSite\",\"@id\":\"https:\\\/\\\/www.inner-alchemy.eu\\\/#website\",\"url\":\"https:\\\/\\\/www.inner-alchemy.eu\\\/\",\"name\":\"Inner Alchemy\",\"description\":\"Nov\u00fd a lep\u0161\u00ed sp\u00f4sob \u017eivota\",\"publisher\":{\"@id\":\"https:\\\/\\\/www.inner-alchemy.eu\\\/#organization\"},\"alternateName\":\"Inner Alchemy - \u0161kola \u010d\u00ednskej medic\u00edny\",\"potentialAction\":[{\"@type\":\"SearchAction\",\"target\":{\"@type\":\"EntryPoint\",\"urlTemplate\":\"https:\\\/\\\/www.inner-alchemy.eu\\\/?s={search_term_string}\"},\"query-input\":{\"@type\":\"PropertyValueSpecification\",\"valueRequired\":true,\"valueName\":\"search_term_string\"}}],\"inLanguage\":\"en-GB\"},{\"@type\":\"Organization\",\"@id\":\"https:\\\/\\\/www.inner-alchemy.eu\\\/#organization\",\"name\":\"Inner Alchemy\",\"alternateName\":\"\u0160kola klasickej \u010d\u00ednskej medic\u00edny na Slovensku\",\"url\":\"https:\\\/\\\/www.inner-alchemy.eu\\\/\",\"logo\":{\"@type\":\"ImageObject\",\"inLanguage\":\"en-GB\",\"@id\":\"https:\\\/\\\/www.inner-alchemy.eu\\\/#\\\/schema\\\/logo\\\/image\\\/\",\"url\":\"https:\\\/\\\/www.inner-alchemy.eu\\\/wp-content\\\/uploads\\\/2023\\\/01\\\/LOGOlifeW.png\",\"contentUrl\":\"https:\\\/\\\/www.inner-alchemy.eu\\\/wp-content\\\/uploads\\\/2023\\\/01\\\/LOGOlifeW.png\",\"width\":49,\"height\":61,\"caption\":\"Inner Alchemy\"},\"image\":{\"@id\":\"https:\\\/\\\/www.inner-alchemy.eu\\\/#\\\/schema\\\/logo\\\/image\\\/\"}}]}<\/script>\n<!-- \/ Yoast SEO plugin. -->","yoast_head_json":{"title":"Ochrana osobn\u00fdch \u00fadajov - Inner Alchemy","robots":{"index":"index","follow":"follow","max-snippet":"max-snippet:-1","max-image-preview":"max-image-preview:large","max-video-preview":"max-video-preview:-1"},"canonical":"https:\/\/www.inner-alchemy.eu\/en\/ochrana-osobnych-udajov\/","og_locale":"en_GB","og_type":"article","og_title":"Ochrana osobn\u00fdch \u00fadajov - Inner Alchemy","og_description":"Ochrana osobn\u00fdch \u00fadajov Ochrana osobn\u00fdch \u00fadajov (GDPR) Tieto z\u00e1sady ochrany osobn\u00fdch \u00fadajov vysvet\u013euj\u00fa, ako webov\u00e1 str\u00e1nka inner-alchemy.eu sprac\u00fava osobn\u00e9 \u00fadaje v s\u00falade s Nariaden\u00edm Eur\u00f3pskeho parlamentu a Rady (E\u00da) 2016\/679 o ochrane osobn\u00fdch \u00fadajov (GDPR) a z\u00e1konom \u010d. 18\/2018 Z. z. o ochrane osobn\u00fdch \u00fadajov. Cie\u013eom tohto dokumentu je informova\u0165 n\u00e1v\u0161tevn\u00edkov webovej str\u00e1nky o tom: [&hellip;]","og_url":"https:\/\/www.inner-alchemy.eu\/en\/ochrana-osobnych-udajov\/","og_site_name":"Inner Alchemy","article_modified_time":"2026-03-10T19:12:19+00:00","twitter_card":"summary_large_image","twitter_misc":{"Estimated reading time":"4 minutes"},"schema":{"@context":"https:\/\/schema.org","@graph":[{"@type":"WebPage","@id":"https:\/\/www.inner-alchemy.eu\/ochrana-osobnych-udajov\/","url":"https:\/\/www.inner-alchemy.eu\/ochrana-osobnych-udajov\/","name":"Ochrana osobn\u00fdch \u00fadajov - Inner Alchemy","isPartOf":{"@id":"https:\/\/www.inner-alchemy.eu\/#website"},"datePublished":"2023-01-06T12:36:28+00:00","dateModified":"2026-03-10T19:12:19+00:00","breadcrumb":{"@id":"https:\/\/www.inner-alchemy.eu\/ochrana-osobnych-udajov\/#breadcrumb"},"inLanguage":"en-GB","potentialAction":[{"@type":"ReadAction","target":["https:\/\/www.inner-alchemy.eu\/ochrana-osobnych-udajov\/"]}]},{"@type":"BreadcrumbList","@id":"https:\/\/www.inner-alchemy.eu\/ochrana-osobnych-udajov\/#breadcrumb","itemListElement":[{"@type":"ListItem","position":1,"name":"Domovsk\u00e1 str\u00e1nka","item":"https:\/\/www.inner-alchemy.eu\/"},{"@type":"ListItem","position":2,"name":"Ochrana osobn\u00fdch \u00fadajov"}]},{"@type":"WebSite","@id":"https:\/\/www.inner-alchemy.eu\/#website","url":"https:\/\/www.inner-alchemy.eu\/","name":"Inner Alchemy","description":"Nov\u00fd a lep\u0161\u00ed sp\u00f4sob \u017eivota","publisher":{"@id":"https:\/\/www.inner-alchemy.eu\/#organization"},"alternateName":"Inner Alchemy - \u0161kola \u010d\u00ednskej medic\u00edny","potentialAction":[{"@type":"SearchAction","target":{"@type":"EntryPoint","urlTemplate":"https:\/\/www.inner-alchemy.eu\/?s={search_term_string}"},"query-input":{"@type":"PropertyValueSpecification","valueRequired":true,"valueName":"search_term_string"}}],"inLanguage":"en-GB"},{"@type":"Organization","@id":"https:\/\/www.inner-alchemy.eu\/#organization","name":"Inner Alchemy","alternateName":"\u0160kola klasickej \u010d\u00ednskej medic\u00edny na Slovensku","url":"https:\/\/www.inner-alchemy.eu\/","logo":{"@type":"ImageObject","inLanguage":"en-GB","@id":"https:\/\/www.inner-alchemy.eu\/#\/schema\/logo\/image\/","url":"https:\/\/www.inner-alchemy.eu\/wp-content\/uploads\/2023\/01\/LOGOlifeW.png","contentUrl":"https:\/\/www.inner-alchemy.eu\/wp-content\/uploads\/2023\/01\/LOGOlifeW.png","width":49,"height":61,"caption":"Inner Alchemy"},"image":{"@id":"https:\/\/www.inner-alchemy.eu\/#\/schema\/logo\/image\/"}}]}},"_links":{"self":[{"href":"https:\/\/www.inner-alchemy.eu\/en\/wp-json\/wp\/v2\/pages\/1099","targetHints":{"allow":["GET"]}}],"collection":[{"href":"https:\/\/www.inner-alchemy.eu\/en\/wp-json\/wp\/v2\/pages"}],"about":[{"href":"https:\/\/www.inner-alchemy.eu\/en\/wp-json\/wp\/v2\/types\/page"}],"author":[{"embeddable":true,"href":"https:\/\/www.inner-alchemy.eu\/en\/wp-json\/wp\/v2\/users\/1"}],"replies":[{"embeddable":true,"href":"https:\/\/www.inner-alchemy.eu\/en\/wp-json\/wp\/v2\/comments?post=1099"}],"version-history":[{"count":42,"href":"https:\/\/www.inner-alchemy.eu\/en\/wp-json\/wp\/v2\/pages\/1099\/revisions"}],"predecessor-version":[{"id":4462,"href":"https:\/\/www.inner-alchemy.eu\/en\/wp-json\/wp\/v2\/pages\/1099\/revisions\/4462"}],"wp:attachment":[{"href":"https:\/\/www.inner-alchemy.eu\/en\/wp-json\/wp\/v2\/media?parent=1099"}],"curies":[{"name":"wp","href":"https:\/\/api.w.org\/{rel}","templated":true}]}}