{"id":4152,"date":"2026-03-04T07:22:05","date_gmt":"2026-03-04T06:22:05","guid":{"rendered":"https:\/\/www.inner-alchemy.eu\/?page_id=4152"},"modified":"2026-03-15T08:34:13","modified_gmt":"2026-03-15T07:34:13","slug":"postgradualny-seminar-liecba-ducha-a-psychiky-v-klasickej-cinskej-medicine","status":"publish","type":"page","link":"https:\/\/www.inner-alchemy.eu\/en\/postgradualny-seminar-liecba-ducha-a-psychiky-v-klasickej-cinskej-medicine\/","title":{"rendered":"Postgradu\u00e1lny semin\u00e1r &#8211; Lie\u010dba ducha a psychiky v klasickej \u010d\u00ednskej medic\u00edne"},"content":{"rendered":"\t\t<div data-elementor-type=\"page\" data-elementor-id=\"4149\" class=\"elementor elementor-4149\" data-elementor-post-type=\"elementor_library\">\n\t\t\t\t<div class=\"elementor-element elementor-element-d41ef2c e-flex e-con-boxed e-con e-child\" data-id=\"d41ef2c\" data-element_type=\"container\" data-e-type=\"container\">\n\t\t\t\t\t<div class=\"e-con-inner\">\n\t\t\t\t<div class=\"elementor-element elementor-element-1bb57c3 elementor-widget elementor-widget-heading\" data-id=\"1bb57c3\" data-element_type=\"widget\" data-e-type=\"widget\" data-widget_type=\"heading.default\">\n\t\t\t\t<div class=\"elementor-widget-container\">\n\t\t\t\t\t<h2 class=\"elementor-heading-title elementor-size-default\">Postgradu\u00e1lny semin\u00e1r - Lie\u010dba ducha a psychiky v klasickej \u010d\u00ednskej medic\u00edne<\/h2>\t\t\t\t<\/div>\n\t\t\t\t<\/div>\n\t\t\t\t<div class=\"elementor-element elementor-element-0d2d0c8 elementor-widget-divider--view-line elementor-widget elementor-widget-divider\" data-id=\"0d2d0c8\" data-element_type=\"widget\" data-e-type=\"widget\" data-widget_type=\"divider.default\">\n\t\t\t\t<div class=\"elementor-widget-container\">\n\t\t\t\t\t\t\t<div class=\"elementor-divider\">\n\t\t\t<span class=\"elementor-divider-separator\">\n\t\t\t\t\t\t<\/span>\n\t\t<\/div>\n\t\t\t\t\t\t<\/div>\n\t\t\t\t<\/div>\n\t\t\t\t<div class=\"elementor-element elementor-element-9d32632 elementor-widget elementor-widget-text-editor\" data-id=\"9d32632\" data-element_type=\"widget\" data-e-type=\"widget\" data-widget_type=\"text-editor.default\">\n\t\t\t\t<div class=\"elementor-widget-container\">\n\t\t\t\t\t\t\t\t\t<p>Takmer 15 hodin video materi\u00e1lu v 4K kvalite rozdelen\u00e9ho\u00a0do 15 vide\u00ed<\/p>\t\t\t\t\t\t\t\t<\/div>\n\t\t\t\t<\/div>\n\t\t<div class=\"elementor-element elementor-element-f014f18 e-con-full e-flex e-con e-child\" data-id=\"f014f18\" data-element_type=\"container\" data-e-type=\"container\">\n\t\t<div class=\"elementor-element elementor-element-03ce29c e-con-full e-flex e-con e-child\" data-id=\"03ce29c\" data-element_type=\"container\" data-e-type=\"container\">\n\t\t\t\t<div class=\"elementor-element elementor-element-b2c8ec8 elementor-widget elementor-widget-heading\" data-id=\"b2c8ec8\" data-element_type=\"widget\" data-e-type=\"widget\" data-widget_type=\"heading.default\">\n\t\t\t\t<div class=\"elementor-widget-container\">\n\t\t\t\t\t<h2 class=\"elementor-heading-title elementor-size-default\">\u010co je n\u00e1pl\u0148ou semin\u00e1ra ?<\/h2>\t\t\t\t<\/div>\n\t\t\t\t<\/div>\n\t\t\t\t<div class=\"elementor-element elementor-element-f075e49 elementor-widget elementor-widget-text-editor\" data-id=\"f075e49\" data-element_type=\"widget\" data-e-type=\"widget\" data-widget_type=\"text-editor.default\">\n\t\t\t\t<div class=\"elementor-widget-container\">\n\t\t\t\t\t\t\t\t\t<ul><li>Wu shen &#8211; 5 du\u0161\u00ed a ich diagnostika patol\u00f3gi\u00ed a n\u00e1sledn\u00e1<br \/>lie\u010dba<\/li><li>Dopodrobna prejdeme vlastnosti, patol\u00f3gie a terapie pre<br \/>du\u0161u PO (7 \u00farovn\u00ed), du\u0161u HUN (3 \u00farovne), du\u0161u SHEN,<br \/>du\u0161u YI a du\u0161u ZHI<\/li><li>R\u00f4zne techniky na emo\u010dn\u00e9 probl\u00e9my<\/li><li>Patol\u00f3gie sp\u00e1nku a sp\u00f4soby lie\u010dby<\/li><li>Sny a ich pomoc pri diagnostike<\/li><li>Vplyv em\u00f3ci\u00ed, ich mechanizmus a pr\u00e1ca s nimi<\/li><li>3 smr\u0165ono\u0161i &#8211; vplyv na na\u0161u du\u0161u a osud<\/li><li>9 \u010dervov \u2013 parazity (fyzick\u00e9 aj nefyzick\u00e9)<\/li><li>GUI &#8211; duchovia a d\u00e9moni &#8211; vn\u00fatorn\u00ed aj<br \/>vonkaj\u0161\u00ed&#8230;..mechanizmus patol\u00f3gi\u00ed a terapie<\/li><li>GU &#8211; parazity &#8211; vn\u00fatorn\u00ed aj vonkaj\u0161\u00ed&#8230;..mechanizmus<br \/>patol\u00f3gi\u00ed a terapie<\/li><li>Smr\u0165 &#8230;..mechanizmus a terapie a pr\u00e1ca s umieraj\u00facim<\/li><li>GUI body a ich pou\u017eitie<\/li><\/ul>\t\t\t\t\t\t\t\t<\/div>\n\t\t\t\t<\/div>\n\t\t\t\t<div class=\"elementor-element elementor-element-369118b elementor-widget elementor-widget-heading\" data-id=\"369118b\" data-element_type=\"widget\" data-e-type=\"widget\" data-widget_type=\"heading.default\">\n\t\t\t\t<div class=\"elementor-widget-container\">\n\t\t\t\t\t<h2 class=\"elementor-heading-title elementor-size-default\">Pre koho je semin\u00e1r ur\u010den\u00fd ?<\/h2>\t\t\t\t<\/div>\n\t\t\t\t<\/div>\n\t\t\t\t<div class=\"elementor-element elementor-element-696facc elementor-widget elementor-widget-text-editor\" data-id=\"696facc\" data-element_type=\"widget\" data-e-type=\"widget\" data-widget_type=\"text-editor.default\">\n\t\t\t\t<div class=\"elementor-widget-container\">\n\t\t\t\t\t\t\t\t\t<p>Ide\u00e1lne pre \u0161tudentov \u010d\u00ednskej medic\u00edny, ktor\u00ed by sa radi<br \/>ponorili hlb\u0161ie do psychiky \u010dloveka, jej diagnostiky a n\u00e1sledne<br \/>aj osvojenie techn\u00edk na pomoc pri r\u00f4znych psychick\u00fdch<br \/>probl\u00e9moch.<\/p>\t\t\t\t\t\t\t\t<\/div>\n\t\t\t\t<\/div>\n\t\t\t\t<\/div>\n\t\t<div class=\"elementor-element elementor-element-9cef8a8 e-con-full e-flex e-con e-child\" data-id=\"9cef8a8\" data-element_type=\"container\" data-e-type=\"container\">\n\t\t<a class=\"elementor-element elementor-element-e6a5b1d e-con-full e-transform e-flex e-con e-child\" data-id=\"e6a5b1d\" data-element_type=\"container\" data-e-type=\"container\" data-settings=\"{&quot;background_background&quot;:&quot;classic&quot;,&quot;_transform_scale_effect_hover&quot;:{&quot;unit&quot;:&quot;px&quot;,&quot;size&quot;:1.0500000000000000444089209850062616169452667236328125,&quot;sizes&quot;:[]},&quot;_transform_scale_effect_hover_tablet&quot;:{&quot;unit&quot;:&quot;px&quot;,&quot;size&quot;:&quot;&quot;,&quot;sizes&quot;:[]},&quot;_transform_scale_effect_hover_mobile&quot;:{&quot;unit&quot;:&quot;px&quot;,&quot;size&quot;:&quot;&quot;,&quot;sizes&quot;:[]}}\" href=\"https:\/\/www.inner-alchemy.eu\/postgradualny-seminar-liecba-ducha-a-psychiky-v-klasickej-cinskej-medicine\/\">\n\t\t\t\t<div class=\"elementor-element elementor-element-cf72fcd elementor-widget elementor-widget-heading\" data-id=\"cf72fcd\" data-element_type=\"widget\" data-e-type=\"widget\" data-widget_type=\"heading.default\">\n\t\t\t\t<div class=\"elementor-widget-container\">\n\t\t\t\t\t<h2 class=\"elementor-heading-title elementor-size-default\">Duch a psychika v klasickej \u010d\u00ednskej medic\u00edne<\/h2>\t\t\t\t<\/div>\n\t\t\t\t<\/div>\n\t\t\t\t<\/a>\n\t\t\t\t<\/div>\n\t\t\t\t<\/div>\n\t\t\t\t\t<\/div>\n\t\t\t\t<\/div>\n\t\t<div class=\"elementor-element elementor-element-f318e1a e-flex e-con-boxed e-con e-parent\" data-id=\"f318e1a\" data-element_type=\"container\" data-e-type=\"container\">\n\t\t\t\t\t<div class=\"e-con-inner\">\n\t\t\t\t<div class=\"elementor-element elementor-element-7bdc31b elementor-widget elementor-widget-heading\" data-id=\"7bdc31b\" data-element_type=\"widget\" data-e-type=\"widget\" data-widget_type=\"heading.default\">\n\t\t\t\t<div class=\"elementor-widget-container\">\n\t\t\t\t\t<h2 class=\"elementor-heading-title elementor-size-default\">Pozrite si uk\u00e1\u017eku semin\u00e1ra<\/h2>\t\t\t\t<\/div>\n\t\t\t\t<\/div>\n\t\t\t\t<div class=\"elementor-element elementor-element-6c3c14d elementor-widget-divider--view-line elementor-widget elementor-widget-divider\" data-id=\"6c3c14d\" data-element_type=\"widget\" data-e-type=\"widget\" data-widget_type=\"divider.default\">\n\t\t\t\t<div class=\"elementor-widget-container\">\n\t\t\t\t\t\t\t<div class=\"elementor-divider\">\n\t\t\t<span class=\"elementor-divider-separator\">\n\t\t\t\t\t\t<\/span>\n\t\t<\/div>\n\t\t\t\t\t\t<\/div>\n\t\t\t\t<\/div>\n\t\t<div class=\"elementor-element elementor-element-b22512f e-con-full e-flex e-con e-child\" data-id=\"b22512f\" data-element_type=\"container\" data-e-type=\"container\">\n\t\t\t\t<div class=\"elementor-element elementor-element-4cc2f6c4 elementor-widget elementor-widget-video\" data-id=\"4cc2f6c4\" data-element_type=\"widget\" data-e-type=\"widget\" data-settings=\"{&quot;video_type&quot;:&quot;vimeo&quot;}\" data-widget_type=\"video.default\">\n\t\t\t\t<div class=\"elementor-widget-container\">\n\t\t\t\t\t\t\t<div class=\"elementor-wrapper elementor-open-inline\">\n\t\t\t<iframe class=\"elementor-video-iframe\" allowfullscreen allow=\"clipboard-write\" title=\"vimeo Video Player\" src=\"https:\/\/player.vimeo.com\/video\/1169999478?color&amp;autopause=0&amp;loop=0&amp;muted=0&amp;title=0&amp;portrait=0&amp;byline=0#t=\"><\/iframe>\t\t<\/div>\n\t\t\t\t\t\t<\/div>\n\t\t\t\t<\/div>\n\t\t\t\t<\/div>\n\t\t\t\t\t<\/div>\n\t\t\t\t<\/div>\n\t\t<div class=\"elementor-element elementor-element-087ec81 e-flex e-con-boxed e-con e-parent\" data-id=\"087ec81\" data-element_type=\"container\" data-e-type=\"container\">\n\t\t\t\t\t<div class=\"e-con-inner\">\n\t\t\t\t<div class=\"elementor-element elementor-element-ec3143e elementor-widget elementor-widget-heading\" data-id=\"ec3143e\" data-element_type=\"widget\" data-e-type=\"widget\" data-widget_type=\"heading.default\">\n\t\t\t\t<div class=\"elementor-widget-container\">\n\t\t\t\t\t<h2 class=\"elementor-heading-title elementor-size-default\">\u010co V\u00e1s v semin\u00e1ri \u010dak\u00e1 ?<\/h2>\t\t\t\t<\/div>\n\t\t\t\t<\/div>\n\t\t\t\t<div class=\"elementor-element elementor-element-0d58c56 elementor-widget-divider--view-line elementor-widget elementor-widget-divider\" data-id=\"0d58c56\" data-element_type=\"widget\" data-e-type=\"widget\" data-widget_type=\"divider.default\">\n\t\t\t\t<div class=\"elementor-widget-container\">\n\t\t\t\t\t\t\t<div class=\"elementor-divider\">\n\t\t\t<span class=\"elementor-divider-separator\">\n\t\t\t\t\t\t<\/span>\n\t\t<\/div>\n\t\t\t\t\t\t<\/div>\n\t\t\t\t<\/div>\n\t\t\t\t<div class=\"elementor-element elementor-element-1bda5ff elementor-widget elementor-widget-text-editor\" data-id=\"1bda5ff\" data-element_type=\"widget\" data-e-type=\"widget\" data-widget_type=\"text-editor.default\">\n\t\t\t\t<div class=\"elementor-widget-container\">\n\t\t\t\t\t\t\t\t\t<div><div>01 &#8211; \u00davod do problematiky (67min)<\/div><div>02 &#8211; Duch SHEN (34min)<\/div><div>03 &#8211; Duch HUN (22min)\u00a0<\/div><div>04 &#8211; Duch HUN a 3 smrtono\u0161i\u00a0a 9 \u010dervov (93min)<\/div><div>05 &#8211; Duch HUN, zak\u00e1zan\u00e9 roky, sp\u00e1nok (31min)<\/div><div>06 &#8211; Duch HUN, nespavos\u0165 a sny (62min)<\/div><div>07 &#8211; Emo\u010dn\u00e9 terapie a praktick\u00e9 mo\u017enosti rie\u0161en\u00ed (73min)<\/div><div>08 &#8211; Pou\u017eitie akupunkt\u00farnych bodov (70min)<\/div><div>09 &#8211; Pou\u017eitie akupunkt\u00farnych bodov a techniky napichovania (39min)<\/div><div>10 &#8211; Ot\u00e1zky a odpovede, GUI &#8211; d\u00e9moni a duchovia (94min)<\/div><div>11 &#8211; Pulzy a diagnostika z pulzu (30min)<\/div><div>12 &#8211; Duch PO (40min)<\/div><div>13 &#8211; Ot\u00e1zky a odpovede (38min)<\/div><div>14 &#8211; Duch PO (97min)<\/div><div>15 &#8211; Duch ZHI a duch YI (87min)<\/div><\/div>\t\t\t\t\t\t\t\t<\/div>\n\t\t\t\t<\/div>\n\t\t\t\t\t<\/div>\n\t\t\t\t<\/div>\n\t\t\t\t<\/div>\n\t\t\n\n\n\n\n\n<div style=\"height:63px\" aria-hidden=\"true\" class=\"wp-block-spacer\"><\/div>\n\n\n\n\n\n<p class=\"has-text-align-center\"><strong>Ak ste si kurz u\u017e zak\u00fapili m\u00f4\u017eete sa prihl\u00e1si\u0165 <a href=\"http:\/\/inner-alchemy.eu\/wp-login.php\"><mark style=\"background-color:rgba(0, 0, 0, 0);color:#000000\" class=\"has-inline-color\">TU<\/mark><\/a><\/strong><\/p>\n\n\n<script>(function(i,s,o,g,r,a,m){i[r]=i[r]||function(){(i[r].q=i[r].q||[]).push(arguments)},i[r].l=1*new Date();a=s.createElement(o),m=s.getElementsByTagName(o)[0];a.src=g;m.parentNode.insertBefore(a,m)})(window,document,\"script\",\"https:\\\/\\\/form.simpleshop.cz\\\/prj\\\/js\\\/SimpleShopService.js\",\"sss\");sss(\"createForm\",\"jDRae\")<\/script>\n<div data-SimpleShopForm=\"jDRae\"><div>Prodejn\u00ed formul\u00e1\u0159 je vytvo\u0159en v syst\u00e9mu <a href=\"https:\/\/www.simpleshop.cz\/\" target=\"_blank\">SimpleShop.cz<\/a>.<\/div><\/div>\n\n\n\n\n<div style=\"height:30px\" aria-hidden=\"true\" class=\"wp-block-spacer\"><\/div>\n","protected":false},"excerpt":{"rendered":"<p>Ak ste si kurz u\u017e zak\u00fapili m\u00f4\u017eete sa prihl\u00e1si\u0165 TU<\/p>","protected":false},"author":6,"featured_media":0,"parent":0,"menu_order":0,"comment_status":"closed","ping_status":"closed","template":"","meta":{"site-sidebar-layout":"default","site-content-layout":"","ast-site-content-layout":"default","site-content-style":"default","site-sidebar-style":"default","ast-global-header-display":"","ast-banner-title-visibility":"","ast-main-header-display":"","ast-hfb-above-header-display":"","ast-hfb-below-header-display":"","ast-hfb-mobile-header-display":"","site-post-title":"disabled","ast-breadcrumbs-content":"","ast-featured-img":"","footer-sml-layout":"","ast-disable-related-posts":"","theme-transparent-header-meta":"","adv-header-id-meta":"","stick-header-meta":"","header-above-stick-meta":"","header-main-stick-meta":"","header-below-stick-meta":"","astra-migrate-meta-layouts":"set","ast-page-background-enabled":"default","ast-page-background-meta":{"desktop":{"background-color":"","background-image":"","background-repeat":"repeat","background-position":"center center","background-size":"auto","background-attachment":"scroll","background-type":"","background-media":"","overlay-type":"","overlay-color":"","overlay-opacity":"","overlay-gradient":""},"tablet":{"background-color":"","background-image":"","background-repeat":"repeat","background-position":"center center","background-size":"auto","background-attachment":"scroll","background-type":"","background-media":"","overlay-type":"","overlay-color":"","overlay-opacity":"","overlay-gradient":""},"mobile":{"background-color":"","background-image":"","background-repeat":"repeat","background-position":"center center","background-size":"auto","background-attachment":"scroll","background-type":"","background-media":"","overlay-type":"","overlay-color":"","overlay-opacity":"","overlay-gradient":""}},"ast-content-background-meta":{"desktop":{"background-color":"var(--ast-global-color-5)","background-image":"","background-repeat":"repeat","background-position":"center center","background-size":"auto","background-attachment":"scroll","background-type":"","background-media":"","overlay-type":"","overlay-color":"","overlay-opacity":"","overlay-gradient":""},"tablet":{"background-color":"var(--ast-global-color-5)","background-image":"","background-repeat":"repeat","background-position":"center center","background-size":"auto","background-attachment":"scroll","background-type":"","background-media":"","overlay-type":"","overlay-color":"","overlay-opacity":"","overlay-gradient":""},"mobile":{"background-color":"var(--ast-global-color-5)","background-image":"","background-repeat":"repeat","background-position":"center center","background-size":"auto","background-attachment":"scroll","background-type":"","background-media":"","overlay-type":"","overlay-color":"","overlay-opacity":"","overlay-gradient":""}},"footnotes":""},"class_list":["post-4152","page","type-page","status-publish","hentry"],"yoast_head":"<!-- This site is optimized with the Yoast SEO plugin v27.4 - https:\/\/yoast.com\/product\/yoast-seo-wordpress\/ -->\n<title>Postgradu\u00e1lny semin\u00e1r - Lie\u010dba ducha a psychiky v klasickej \u010d\u00ednskej medic\u00edne - Inner Alchemy<\/title>\n<meta name=\"robots\" content=\"index, follow, max-snippet:-1, max-image-preview:large, max-video-preview:-1\" \/>\n<link rel=\"canonical\" href=\"https:\/\/www.inner-alchemy.eu\/en\/postgradualny-seminar-liecba-ducha-a-psychiky-v-klasickej-cinskej-medicine\/\" \/>\n<meta property=\"og:locale\" content=\"en_GB\" \/>\n<meta property=\"og:type\" content=\"article\" \/>\n<meta property=\"og:title\" content=\"Postgradu\u00e1lny semin\u00e1r - Lie\u010dba ducha a psychiky v klasickej \u010d\u00ednskej medic\u00edne - Inner Alchemy\" \/>\n<meta property=\"og:description\" content=\"Ak ste si kurz u\u017e zak\u00fapili m\u00f4\u017eete sa prihl\u00e1si\u0165 TU\" \/>\n<meta property=\"og:url\" content=\"https:\/\/www.inner-alchemy.eu\/en\/postgradualny-seminar-liecba-ducha-a-psychiky-v-klasickej-cinskej-medicine\/\" \/>\n<meta property=\"og:site_name\" content=\"Inner Alchemy\" \/>\n<meta property=\"article:modified_time\" content=\"2026-03-15T07:34:13+00:00\" \/>\n<meta name=\"twitter:card\" content=\"summary_large_image\" \/>\n<meta name=\"twitter:label1\" content=\"Estimated reading time\" \/>\n\t<meta name=\"twitter:data1\" content=\"1 minute\" \/>\n<script type=\"application\/ld+json\" class=\"yoast-schema-graph\">{\"@context\":\"https:\\\/\\\/schema.org\",\"@graph\":[{\"@type\":\"WebPage\",\"@id\":\"https:\\\/\\\/www.inner-alchemy.eu\\\/postgradualny-seminar-liecba-ducha-a-psychiky-v-klasickej-cinskej-medicine\\\/\",\"url\":\"https:\\\/\\\/www.inner-alchemy.eu\\\/postgradualny-seminar-liecba-ducha-a-psychiky-v-klasickej-cinskej-medicine\\\/\",\"name\":\"Postgradu\u00e1lny semin\u00e1r - Lie\u010dba ducha a psychiky v klasickej \u010d\u00ednskej medic\u00edne - Inner Alchemy\",\"isPartOf\":{\"@id\":\"https:\\\/\\\/www.inner-alchemy.eu\\\/#website\"},\"datePublished\":\"2026-03-04T06:22:05+00:00\",\"dateModified\":\"2026-03-15T07:34:13+00:00\",\"breadcrumb\":{\"@id\":\"https:\\\/\\\/www.inner-alchemy.eu\\\/postgradualny-seminar-liecba-ducha-a-psychiky-v-klasickej-cinskej-medicine\\\/#breadcrumb\"},\"inLanguage\":\"en-GB\",\"potentialAction\":[{\"@type\":\"ReadAction\",\"target\":[\"https:\\\/\\\/www.inner-alchemy.eu\\\/postgradualny-seminar-liecba-ducha-a-psychiky-v-klasickej-cinskej-medicine\\\/\"]}]},{\"@type\":\"BreadcrumbList\",\"@id\":\"https:\\\/\\\/www.inner-alchemy.eu\\\/postgradualny-seminar-liecba-ducha-a-psychiky-v-klasickej-cinskej-medicine\\\/#breadcrumb\",\"itemListElement\":[{\"@type\":\"ListItem\",\"position\":1,\"name\":\"Domovsk\u00e1 str\u00e1nka\",\"item\":\"https:\\\/\\\/www.inner-alchemy.eu\\\/\"},{\"@type\":\"ListItem\",\"position\":2,\"name\":\"Postgradu\u00e1lny semin\u00e1r &#8211; Lie\u010dba ducha a psychiky v klasickej \u010d\u00ednskej medic\u00edne\"}]},{\"@type\":\"WebSite\",\"@id\":\"https:\\\/\\\/www.inner-alchemy.eu\\\/#website\",\"url\":\"https:\\\/\\\/www.inner-alchemy.eu\\\/\",\"name\":\"Inner Alchemy\",\"description\":\"Nov\u00fd a lep\u0161\u00ed sp\u00f4sob \u017eivota\",\"publisher\":{\"@id\":\"https:\\\/\\\/www.inner-alchemy.eu\\\/#organization\"},\"alternateName\":\"Inner Alchemy - \u0161kola \u010d\u00ednskej medic\u00edny\",\"potentialAction\":[{\"@type\":\"SearchAction\",\"target\":{\"@type\":\"EntryPoint\",\"urlTemplate\":\"https:\\\/\\\/www.inner-alchemy.eu\\\/?s={search_term_string}\"},\"query-input\":{\"@type\":\"PropertyValueSpecification\",\"valueRequired\":true,\"valueName\":\"search_term_string\"}}],\"inLanguage\":\"en-GB\"},{\"@type\":\"Organization\",\"@id\":\"https:\\\/\\\/www.inner-alchemy.eu\\\/#organization\",\"name\":\"Inner Alchemy\",\"alternateName\":\"\u0160kola klasickej \u010d\u00ednskej medic\u00edny na Slovensku\",\"url\":\"https:\\\/\\\/www.inner-alchemy.eu\\\/\",\"logo\":{\"@type\":\"ImageObject\",\"inLanguage\":\"en-GB\",\"@id\":\"https:\\\/\\\/www.inner-alchemy.eu\\\/#\\\/schema\\\/logo\\\/image\\\/\",\"url\":\"https:\\\/\\\/www.inner-alchemy.eu\\\/wp-content\\\/uploads\\\/2023\\\/01\\\/LOGOlifeW.png\",\"contentUrl\":\"https:\\\/\\\/www.inner-alchemy.eu\\\/wp-content\\\/uploads\\\/2023\\\/01\\\/LOGOlifeW.png\",\"width\":49,\"height\":61,\"caption\":\"Inner Alchemy\"},\"image\":{\"@id\":\"https:\\\/\\\/www.inner-alchemy.eu\\\/#\\\/schema\\\/logo\\\/image\\\/\"}}]}<\/script>\n<!-- \/ Yoast SEO plugin. -->","yoast_head_json":{"title":"Postgradu\u00e1lny semin\u00e1r - Lie\u010dba ducha a psychiky v klasickej \u010d\u00ednskej medic\u00edne - Inner Alchemy","robots":{"index":"index","follow":"follow","max-snippet":"max-snippet:-1","max-image-preview":"max-image-preview:large","max-video-preview":"max-video-preview:-1"},"canonical":"https:\/\/www.inner-alchemy.eu\/en\/postgradualny-seminar-liecba-ducha-a-psychiky-v-klasickej-cinskej-medicine\/","og_locale":"en_GB","og_type":"article","og_title":"Postgradu\u00e1lny semin\u00e1r - Lie\u010dba ducha a psychiky v klasickej \u010d\u00ednskej medic\u00edne - Inner Alchemy","og_description":"Ak ste si kurz u\u017e zak\u00fapili m\u00f4\u017eete sa prihl\u00e1si\u0165 TU","og_url":"https:\/\/www.inner-alchemy.eu\/en\/postgradualny-seminar-liecba-ducha-a-psychiky-v-klasickej-cinskej-medicine\/","og_site_name":"Inner Alchemy","article_modified_time":"2026-03-15T07:34:13+00:00","twitter_card":"summary_large_image","twitter_misc":{"Estimated reading time":"1 minute"},"schema":{"@context":"https:\/\/schema.org","@graph":[{"@type":"WebPage","@id":"https:\/\/www.inner-alchemy.eu\/postgradualny-seminar-liecba-ducha-a-psychiky-v-klasickej-cinskej-medicine\/","url":"https:\/\/www.inner-alchemy.eu\/postgradualny-seminar-liecba-ducha-a-psychiky-v-klasickej-cinskej-medicine\/","name":"Postgradu\u00e1lny semin\u00e1r - Lie\u010dba ducha a psychiky v klasickej \u010d\u00ednskej medic\u00edne - Inner Alchemy","isPartOf":{"@id":"https:\/\/www.inner-alchemy.eu\/#website"},"datePublished":"2026-03-04T06:22:05+00:00","dateModified":"2026-03-15T07:34:13+00:00","breadcrumb":{"@id":"https:\/\/www.inner-alchemy.eu\/postgradualny-seminar-liecba-ducha-a-psychiky-v-klasickej-cinskej-medicine\/#breadcrumb"},"inLanguage":"en-GB","potentialAction":[{"@type":"ReadAction","target":["https:\/\/www.inner-alchemy.eu\/postgradualny-seminar-liecba-ducha-a-psychiky-v-klasickej-cinskej-medicine\/"]}]},{"@type":"BreadcrumbList","@id":"https:\/\/www.inner-alchemy.eu\/postgradualny-seminar-liecba-ducha-a-psychiky-v-klasickej-cinskej-medicine\/#breadcrumb","itemListElement":[{"@type":"ListItem","position":1,"name":"Domovsk\u00e1 str\u00e1nka","item":"https:\/\/www.inner-alchemy.eu\/"},{"@type":"ListItem","position":2,"name":"Postgradu\u00e1lny semin\u00e1r &#8211; Lie\u010dba ducha a psychiky v klasickej \u010d\u00ednskej medic\u00edne"}]},{"@type":"WebSite","@id":"https:\/\/www.inner-alchemy.eu\/#website","url":"https:\/\/www.inner-alchemy.eu\/","name":"Inner Alchemy","description":"Nov\u00fd a lep\u0161\u00ed sp\u00f4sob \u017eivota","publisher":{"@id":"https:\/\/www.inner-alchemy.eu\/#organization"},"alternateName":"Inner Alchemy - \u0161kola \u010d\u00ednskej medic\u00edny","potentialAction":[{"@type":"SearchAction","target":{"@type":"EntryPoint","urlTemplate":"https:\/\/www.inner-alchemy.eu\/?s={search_term_string}"},"query-input":{"@type":"PropertyValueSpecification","valueRequired":true,"valueName":"search_term_string"}}],"inLanguage":"en-GB"},{"@type":"Organization","@id":"https:\/\/www.inner-alchemy.eu\/#organization","name":"Inner Alchemy","alternateName":"\u0160kola klasickej \u010d\u00ednskej medic\u00edny na Slovensku","url":"https:\/\/www.inner-alchemy.eu\/","logo":{"@type":"ImageObject","inLanguage":"en-GB","@id":"https:\/\/www.inner-alchemy.eu\/#\/schema\/logo\/image\/","url":"https:\/\/www.inner-alchemy.eu\/wp-content\/uploads\/2023\/01\/LOGOlifeW.png","contentUrl":"https:\/\/www.inner-alchemy.eu\/wp-content\/uploads\/2023\/01\/LOGOlifeW.png","width":49,"height":61,"caption":"Inner Alchemy"},"image":{"@id":"https:\/\/www.inner-alchemy.eu\/#\/schema\/logo\/image\/"}}]}},"_links":{"self":[{"href":"https:\/\/www.inner-alchemy.eu\/en\/wp-json\/wp\/v2\/pages\/4152","targetHints":{"allow":["GET"]}}],"collection":[{"href":"https:\/\/www.inner-alchemy.eu\/en\/wp-json\/wp\/v2\/pages"}],"about":[{"href":"https:\/\/www.inner-alchemy.eu\/en\/wp-json\/wp\/v2\/types\/page"}],"author":[{"embeddable":true,"href":"https:\/\/www.inner-alchemy.eu\/en\/wp-json\/wp\/v2\/users\/6"}],"replies":[{"embeddable":true,"href":"https:\/\/www.inner-alchemy.eu\/en\/wp-json\/wp\/v2\/comments?post=4152"}],"version-history":[{"count":17,"href":"https:\/\/www.inner-alchemy.eu\/en\/wp-json\/wp\/v2\/pages\/4152\/revisions"}],"predecessor-version":[{"id":4378,"href":"https:\/\/www.inner-alchemy.eu\/en\/wp-json\/wp\/v2\/pages\/4152\/revisions\/4378"}],"wp:attachment":[{"href":"https:\/\/www.inner-alchemy.eu\/en\/wp-json\/wp\/v2\/media?parent=4152"}],"curies":[{"name":"wp","href":"https:\/\/api.w.org\/{rel}","templated":true}]}}