{"id":4411,"date":"2026-03-10T19:49:12","date_gmt":"2026-03-10T18:49:12","guid":{"rendered":"https:\/\/www.inner-alchemy.eu\/?page_id=4411"},"modified":"2026-03-12T19:18:32","modified_gmt":"2026-03-12T18:18:32","slug":"platobne-podmienky-dodacia-lehota-a-dodacie-podmienky","status":"publish","type":"page","link":"https:\/\/www.inner-alchemy.eu\/en\/platobne-podmienky-dodacia-lehota-a-dodacie-podmienky\/","title":{"rendered":"Doprava a platba"},"content":{"rendered":"<div data-elementor-type=\"wp-page\" data-elementor-id=\"4411\" class=\"elementor elementor-4411\" data-elementor-post-type=\"page\">\n\t\t\t\t<div class=\"elementor-element elementor-element-a0972bb e-flex e-con-boxed e-con e-parent\" data-id=\"a0972bb\" data-element_type=\"container\" data-e-type=\"container\" data-settings=\"{&quot;background_background&quot;:&quot;classic&quot;}\">\n\t\t\t\t\t<div class=\"e-con-inner\">\n\t\t<div class=\"elementor-element elementor-element-b23808b e-con-full e-flex e-con e-child\" data-id=\"b23808b\" data-element_type=\"container\" data-e-type=\"container\" data-settings=\"{&quot;background_background&quot;:&quot;classic&quot;}\">\n\t\t\t\t<div class=\"elementor-element elementor-element-b3fd79a elementor-widget elementor-widget-heading\" data-id=\"b3fd79a\" data-element_type=\"widget\" data-e-type=\"widget\" data-widget_type=\"heading.default\">\n\t\t\t\t<div class=\"elementor-widget-container\">\n\t\t\t\t\t<h2 class=\"elementor-heading-title elementor-size-default\">Doprava a platba<\/h2>\t\t\t\t<\/div>\n\t\t\t\t<\/div>\n\t\t\t\t<div class=\"elementor-element elementor-element-12054e0 elementor-widget elementor-widget-text-editor\" data-id=\"12054e0\" data-element_type=\"widget\" data-e-type=\"widget\" data-widget_type=\"text-editor.default\">\n\t\t\t\t<div class=\"elementor-widget-container\">\n\t\t\t\t\t\t\t\t\t<p><b>PLATOBN\u00c9 PODMIENKY, DODACIA LEHOTA A\u00a0DODACIE PODMIENKY<\/b><\/p><p><span style=\"font-weight: 400;\">Kupuj\u00faci uhrad\u00ed k\u00fapnu cenu za\u00a0poskytnut\u00e9 on-line produkty a\u00a0slu\u017eby prostredn\u00edctvom platobn\u00e9ho syst\u00e9mu (zah\u0155\u0148a v\u00fdber medzi online platbou kartou a\u00a0online platbou bankov\u00fdm prevodom) na\u00a0internetov\u00fdch str\u00e1nkach Pred\u00e1vaj\u00faceho.<\/span><\/p><p><span style=\"font-weight: 400;\">Dodacia lehota pri on-line produktoch je 24 hod\u00edn od prijatia platby na\u00a0\u00fa\u010det Pred\u00e1vaj\u00faceho. Na\u00a0z\u00e1klade prijatia platby Spotrebite\u013e dostane e-mailom najnesk\u00f4r do\u00a024 hod\u00edn pr\u00edstupov\u00e9 \u00fadaje k\u00a0pr\u00edstupu on-line produktu.<\/span><\/p><p><span style=\"font-weight: 400;\">Pri platbe bankov\u00fdm prevodom vopred na\u00a0\u00fa\u010det za\u010d\u00edna plyn\u00fa\u0165 dodacia lehota d\u0148om prip\u00edsania platby na\u00a0\u00fa\u010det Pred\u00e1vaj\u00faceho. Dodacia lehota m\u00f4\u017ee by\u0165 pred\u013a\u017een\u00e1 primerane k\u00a0okolnostiam, ak oneskorenie je sp\u00f4soben\u00e9 okolnos\u0165ami nezavinen\u00fdmi pred\u00e1vaj\u00facim. V\u00a0pr\u00edpade pred\u013a\u017eenie dodacej lehoty pred\u00e1vaj\u00faci ozn\u00e1mi Kupuj\u00facemu predpokladan\u00fd term\u00edn dodania a\u00a0z\u00e1rove\u0148 si vy\u017eiada ods\u00fahlasenie kupuj\u00faceho.<\/span><\/p><p><br \/><br \/><\/p><h5 data-start=\"883\" data-end=\"900\"><strong data-start=\"883\" data-end=\"900\">Online platby<\/strong><\/h5><p data-start=\"902\" data-end=\"1134\">Online platby pre n\u00e1s zabezpe\u010duje spolo\u010dnos\u0165 <strong data-start=\"947\" data-end=\"964\">Comgate, a.s.<\/strong>, ktor\u00e1 poskytuje bezpe\u010dn\u00fa platobn\u00fa br\u00e1nu. Poskytovate\u013e slu\u017eby, spolo\u010dnos\u0165 Comgate, a.s., je licencovan\u00e1 platobn\u00e1 in\u0161tit\u00facia p\u00f4sobiaca pod doh\u013eadom \u010ceskej n\u00e1rodnej banky.<\/p><p data-start=\"1136\" data-end=\"1232\">Viac inform\u00e1ci\u00ed o platobnej br\u00e1ne n\u00e1jdete na str\u00e1nke:<br data-start=\"1189\" data-end=\"1192\" \/><strong><span style=\"text-decoration: underline;\"><a class=\"decorated-link\" href=\"https:\/\/www.comgate.cz\/sk\/platobna-brana\" target=\"_new\" rel=\"noopener\" data-start=\"1192\" data-end=\"1232\">https:\/\/www.comgate.cz\/sk\/platobna-brana<\/a><\/span><\/strong><\/p><p data-start=\"1234\" data-end=\"1262\"><strong data-start=\"1234\" data-end=\"1262\">Dostupn\u00e9 platobn\u00e9 met\u00f3dy<\/strong><\/p><p data-start=\"1264\" data-end=\"1429\">Platba prostredn\u00edctvom bankov\u00fdch tla\u010didiel \u2013 po odoslan\u00ed objedn\u00e1vky budete presmerovan\u00fd do internet bankingu va\u0161ej banky, kde potvrd\u00edte predvyplnen\u00fd platobn\u00fd pr\u00edkaz.<\/p><p data-start=\"1431\" data-end=\"1497\">Viac inform\u00e1ci\u00ed:<br data-start=\"1447\" data-end=\"1450\" \/><span style=\"text-decoration: underline;\"><strong><a class=\"decorated-link\" href=\"https:\/\/help.comgate.cz\/docs\/sk\/bankove-prevody\" target=\"_new\" rel=\"noopener\" data-start=\"1450\" data-end=\"1497\">https:\/\/help.comgate.cz\/docs\/sk\/bankove-prevody<\/a><\/strong><\/span><\/p><p data-start=\"1499\" data-end=\"1543\"><strong data-start=\"1499\" data-end=\"1543\">Kontakt na poskytovate\u013ea platobnej br\u00e1ny<\/strong><\/p><p data-start=\"1545\" data-end=\"1612\">Comgate, a.s.<br data-start=\"1558\" data-end=\"1561\" \/>Go\u010d\u00e1rova t\u0159\u00edda 1754 \/ 48b<br data-start=\"1586\" data-end=\"1589\" \/>500 02 Hradec Kr\u00e1lov\u00e9<\/p><p data-start=\"1614\" data-end=\"1665\">E-mail: <span style=\"text-decoration: underline;\"><strong><a class=\"decorated-link cursor-pointer\" rel=\"noopener\" data-start=\"1622\" data-end=\"1640\">podpora@comgate.sk<\/a><\/strong><\/span><br data-start=\"1640\" data-end=\"1643\" \/>Tel.: <span style=\"text-decoration: underline;\"><strong>+421 220 512 300<\/strong><\/span><\/p><h5 data-section-id=\"sa1wyj\" data-start=\"895\" data-end=\"923\">Platba bankov\u00fdm prevodom<\/h5><p data-start=\"925\" data-end=\"1106\">Pri v\u00fdbere platby bankov\u00fdm prevodom v\u00e1m bud\u00fa po odoslan\u00ed objedn\u00e1vky zaslan\u00e9 platobn\u00e9 \u00fadaje na \u00fahradu objedn\u00e1vky. Platbu m\u00f4\u017eete vykona\u0165 prostredn\u00edctvom internet bankingu va\u0161ej banky.<\/p><p data-start=\"1108\" data-end=\"1178\">Platba je prip\u00edsan\u00e1 zvy\u010dajne do <strong data-start=\"1140\" data-end=\"1164\">1 \u2013 2 pracovn\u00fdch dn\u00ed<\/strong> od odoslania.<\/p>\t\t\t\t\t\t\t\t<\/div>\n\t\t\t\t<\/div>\n\t\t\t\t<\/div>\n\t\t\t\t\t<\/div>\n\t\t\t\t<\/div>\n\t\t\t\t<\/div>","protected":false},"excerpt":{"rendered":"<p>Doprava a platba PLATOBN\u00c9 PODMIENKY, DODACIA LEHOTA A\u00a0DODACIE PODMIENKY Kupuj\u00faci uhrad\u00ed k\u00fapnu cenu za\u00a0poskytnut\u00e9 on-line produkty a\u00a0slu\u017eby prostredn\u00edctvom platobn\u00e9ho syst\u00e9mu (zah\u0155\u0148a v\u00fdber medzi online platbou kartou a\u00a0online platbou bankov\u00fdm prevodom) na\u00a0internetov\u00fdch str\u00e1nkach Pred\u00e1vaj\u00faceho. Dodacia lehota pri on-line produktoch je 24 hod\u00edn od prijatia platby na\u00a0\u00fa\u010det Pred\u00e1vaj\u00faceho. Na\u00a0z\u00e1klade prijatia platby Spotrebite\u013e dostane e-mailom najnesk\u00f4r do\u00a024 hod\u00edn [&hellip;]<\/p>\n","protected":false},"author":1,"featured_media":0,"parent":0,"menu_order":0,"comment_status":"closed","ping_status":"closed","template":"","meta":{"site-sidebar-layout":"no-sidebar","site-content-layout":"page-builder","ast-site-content-layout":"default","site-content-style":"default","site-sidebar-style":"default","ast-global-header-display":"","ast-banner-title-visibility":"","ast-main-header-display":"","ast-hfb-above-header-display":"","ast-hfb-below-header-display":"","ast-hfb-mobile-header-display":"","site-post-title":"disabled","ast-breadcrumbs-content":"","ast-featured-img":"disabled","footer-sml-layout":"","ast-disable-related-posts":"","theme-transparent-header-meta":"","adv-header-id-meta":"","stick-header-meta":"","header-above-stick-meta":"","header-main-stick-meta":"","header-below-stick-meta":"","astra-migrate-meta-layouts":"default","ast-page-background-enabled":"default","ast-page-background-meta":{"desktop":{"background-color":"","background-image":"","background-repeat":"repeat","background-position":"center center","background-size":"auto","background-attachment":"scroll","background-type":"","background-media":"","overlay-type":"","overlay-color":"","overlay-opacity":"","overlay-gradient":""},"tablet":{"background-color":"","background-image":"","background-repeat":"repeat","background-position":"center center","background-size":"auto","background-attachment":"scroll","background-type":"","background-media":"","overlay-type":"","overlay-color":"","overlay-opacity":"","overlay-gradient":""},"mobile":{"background-color":"","background-image":"","background-repeat":"repeat","background-position":"center center","background-size":"auto","background-attachment":"scroll","background-type":"","background-media":"","overlay-type":"","overlay-color":"","overlay-opacity":"","overlay-gradient":""}},"ast-content-background-meta":{"desktop":{"background-color":"var(--ast-global-color-5)","background-image":"","background-repeat":"repeat","background-position":"center center","background-size":"auto","background-attachment":"scroll","background-type":"","background-media":"","overlay-type":"","overlay-color":"","overlay-opacity":"","overlay-gradient":""},"tablet":{"background-color":"var(--ast-global-color-5)","background-image":"","background-repeat":"repeat","background-position":"center center","background-size":"auto","background-attachment":"scroll","background-type":"","background-media":"","overlay-type":"","overlay-color":"","overlay-opacity":"","overlay-gradient":""},"mobile":{"background-color":"var(--ast-global-color-5)","background-image":"","background-repeat":"repeat","background-position":"center center","background-size":"auto","background-attachment":"scroll","background-type":"","background-media":"","overlay-type":"","overlay-color":"","overlay-opacity":"","overlay-gradient":""}},"footnotes":""},"class_list":["post-4411","page","type-page","status-publish","hentry"],"yoast_head":"<!-- This site is optimized with the Yoast SEO plugin v27.4 - https:\/\/yoast.com\/product\/yoast-seo-wordpress\/ -->\n<title>Doprava a platba - Inner Alchemy<\/title>\n<meta name=\"robots\" content=\"index, follow, max-snippet:-1, max-image-preview:large, max-video-preview:-1\" \/>\n<link rel=\"canonical\" href=\"https:\/\/www.inner-alchemy.eu\/en\/platobne-podmienky-dodacia-lehota-a-dodacie-podmienky\/\" \/>\n<meta property=\"og:locale\" content=\"en_GB\" \/>\n<meta property=\"og:type\" content=\"article\" \/>\n<meta property=\"og:title\" content=\"Doprava a platba - Inner Alchemy\" \/>\n<meta property=\"og:description\" content=\"Doprava a platba PLATOBN\u00c9 PODMIENKY, DODACIA LEHOTA A\u00a0DODACIE PODMIENKY Kupuj\u00faci uhrad\u00ed k\u00fapnu cenu za\u00a0poskytnut\u00e9 on-line produkty a\u00a0slu\u017eby prostredn\u00edctvom platobn\u00e9ho syst\u00e9mu (zah\u0155\u0148a v\u00fdber medzi online platbou kartou a\u00a0online platbou bankov\u00fdm prevodom) na\u00a0internetov\u00fdch str\u00e1nkach Pred\u00e1vaj\u00faceho. Dodacia lehota pri on-line produktoch je 24 hod\u00edn od prijatia platby na\u00a0\u00fa\u010det Pred\u00e1vaj\u00faceho. Na\u00a0z\u00e1klade prijatia platby Spotrebite\u013e dostane e-mailom najnesk\u00f4r do\u00a024 hod\u00edn [&hellip;]\" \/>\n<meta property=\"og:url\" content=\"https:\/\/www.inner-alchemy.eu\/en\/platobne-podmienky-dodacia-lehota-a-dodacie-podmienky\/\" \/>\n<meta property=\"og:site_name\" content=\"Inner Alchemy\" \/>\n<meta property=\"article:modified_time\" content=\"2026-03-12T18:18:32+00:00\" \/>\n<meta name=\"twitter:card\" content=\"summary_large_image\" \/>\n<meta name=\"twitter:label1\" content=\"Estimated reading time\" \/>\n\t<meta name=\"twitter:data1\" content=\"2 minutes\" \/>\n<script type=\"application\/ld+json\" class=\"yoast-schema-graph\">{\"@context\":\"https:\\\/\\\/schema.org\",\"@graph\":[{\"@type\":\"WebPage\",\"@id\":\"https:\\\/\\\/www.inner-alchemy.eu\\\/platobne-podmienky-dodacia-lehota-a-dodacie-podmienky\\\/\",\"url\":\"https:\\\/\\\/www.inner-alchemy.eu\\\/platobne-podmienky-dodacia-lehota-a-dodacie-podmienky\\\/\",\"name\":\"Doprava a platba - Inner Alchemy\",\"isPartOf\":{\"@id\":\"https:\\\/\\\/www.inner-alchemy.eu\\\/#website\"},\"datePublished\":\"2026-03-10T18:49:12+00:00\",\"dateModified\":\"2026-03-12T18:18:32+00:00\",\"breadcrumb\":{\"@id\":\"https:\\\/\\\/www.inner-alchemy.eu\\\/platobne-podmienky-dodacia-lehota-a-dodacie-podmienky\\\/#breadcrumb\"},\"inLanguage\":\"en-GB\",\"potentialAction\":[{\"@type\":\"ReadAction\",\"target\":[\"https:\\\/\\\/www.inner-alchemy.eu\\\/platobne-podmienky-dodacia-lehota-a-dodacie-podmienky\\\/\"]}]},{\"@type\":\"BreadcrumbList\",\"@id\":\"https:\\\/\\\/www.inner-alchemy.eu\\\/platobne-podmienky-dodacia-lehota-a-dodacie-podmienky\\\/#breadcrumb\",\"itemListElement\":[{\"@type\":\"ListItem\",\"position\":1,\"name\":\"Domovsk\u00e1 str\u00e1nka\",\"item\":\"https:\\\/\\\/www.inner-alchemy.eu\\\/\"},{\"@type\":\"ListItem\",\"position\":2,\"name\":\"Doprava a platba\"}]},{\"@type\":\"WebSite\",\"@id\":\"https:\\\/\\\/www.inner-alchemy.eu\\\/#website\",\"url\":\"https:\\\/\\\/www.inner-alchemy.eu\\\/\",\"name\":\"Inner Alchemy\",\"description\":\"Nov\u00fd a lep\u0161\u00ed sp\u00f4sob \u017eivota\",\"publisher\":{\"@id\":\"https:\\\/\\\/www.inner-alchemy.eu\\\/#organization\"},\"alternateName\":\"Inner Alchemy - \u0161kola \u010d\u00ednskej medic\u00edny\",\"potentialAction\":[{\"@type\":\"SearchAction\",\"target\":{\"@type\":\"EntryPoint\",\"urlTemplate\":\"https:\\\/\\\/www.inner-alchemy.eu\\\/?s={search_term_string}\"},\"query-input\":{\"@type\":\"PropertyValueSpecification\",\"valueRequired\":true,\"valueName\":\"search_term_string\"}}],\"inLanguage\":\"en-GB\"},{\"@type\":\"Organization\",\"@id\":\"https:\\\/\\\/www.inner-alchemy.eu\\\/#organization\",\"name\":\"Inner Alchemy\",\"alternateName\":\"\u0160kola klasickej \u010d\u00ednskej medic\u00edny na Slovensku\",\"url\":\"https:\\\/\\\/www.inner-alchemy.eu\\\/\",\"logo\":{\"@type\":\"ImageObject\",\"inLanguage\":\"en-GB\",\"@id\":\"https:\\\/\\\/www.inner-alchemy.eu\\\/#\\\/schema\\\/logo\\\/image\\\/\",\"url\":\"https:\\\/\\\/www.inner-alchemy.eu\\\/wp-content\\\/uploads\\\/2023\\\/01\\\/LOGOlifeW.png\",\"contentUrl\":\"https:\\\/\\\/www.inner-alchemy.eu\\\/wp-content\\\/uploads\\\/2023\\\/01\\\/LOGOlifeW.png\",\"width\":49,\"height\":61,\"caption\":\"Inner Alchemy\"},\"image\":{\"@id\":\"https:\\\/\\\/www.inner-alchemy.eu\\\/#\\\/schema\\\/logo\\\/image\\\/\"}}]}<\/script>\n<!-- \/ Yoast SEO plugin. -->","yoast_head_json":{"title":"Doprava a platba - Inner Alchemy","robots":{"index":"index","follow":"follow","max-snippet":"max-snippet:-1","max-image-preview":"max-image-preview:large","max-video-preview":"max-video-preview:-1"},"canonical":"https:\/\/www.inner-alchemy.eu\/en\/platobne-podmienky-dodacia-lehota-a-dodacie-podmienky\/","og_locale":"en_GB","og_type":"article","og_title":"Doprava a platba - Inner Alchemy","og_description":"Doprava a platba PLATOBN\u00c9 PODMIENKY, DODACIA LEHOTA A\u00a0DODACIE PODMIENKY Kupuj\u00faci uhrad\u00ed k\u00fapnu cenu za\u00a0poskytnut\u00e9 on-line produkty a\u00a0slu\u017eby prostredn\u00edctvom platobn\u00e9ho syst\u00e9mu (zah\u0155\u0148a v\u00fdber medzi online platbou kartou a\u00a0online platbou bankov\u00fdm prevodom) na\u00a0internetov\u00fdch str\u00e1nkach Pred\u00e1vaj\u00faceho. Dodacia lehota pri on-line produktoch je 24 hod\u00edn od prijatia platby na\u00a0\u00fa\u010det Pred\u00e1vaj\u00faceho. Na\u00a0z\u00e1klade prijatia platby Spotrebite\u013e dostane e-mailom najnesk\u00f4r do\u00a024 hod\u00edn [&hellip;]","og_url":"https:\/\/www.inner-alchemy.eu\/en\/platobne-podmienky-dodacia-lehota-a-dodacie-podmienky\/","og_site_name":"Inner Alchemy","article_modified_time":"2026-03-12T18:18:32+00:00","twitter_card":"summary_large_image","twitter_misc":{"Estimated reading time":"2 minutes"},"schema":{"@context":"https:\/\/schema.org","@graph":[{"@type":"WebPage","@id":"https:\/\/www.inner-alchemy.eu\/platobne-podmienky-dodacia-lehota-a-dodacie-podmienky\/","url":"https:\/\/www.inner-alchemy.eu\/platobne-podmienky-dodacia-lehota-a-dodacie-podmienky\/","name":"Doprava a platba - Inner Alchemy","isPartOf":{"@id":"https:\/\/www.inner-alchemy.eu\/#website"},"datePublished":"2026-03-10T18:49:12+00:00","dateModified":"2026-03-12T18:18:32+00:00","breadcrumb":{"@id":"https:\/\/www.inner-alchemy.eu\/platobne-podmienky-dodacia-lehota-a-dodacie-podmienky\/#breadcrumb"},"inLanguage":"en-GB","potentialAction":[{"@type":"ReadAction","target":["https:\/\/www.inner-alchemy.eu\/platobne-podmienky-dodacia-lehota-a-dodacie-podmienky\/"]}]},{"@type":"BreadcrumbList","@id":"https:\/\/www.inner-alchemy.eu\/platobne-podmienky-dodacia-lehota-a-dodacie-podmienky\/#breadcrumb","itemListElement":[{"@type":"ListItem","position":1,"name":"Domovsk\u00e1 str\u00e1nka","item":"https:\/\/www.inner-alchemy.eu\/"},{"@type":"ListItem","position":2,"name":"Doprava a platba"}]},{"@type":"WebSite","@id":"https:\/\/www.inner-alchemy.eu\/#website","url":"https:\/\/www.inner-alchemy.eu\/","name":"Inner Alchemy","description":"Nov\u00fd a lep\u0161\u00ed sp\u00f4sob \u017eivota","publisher":{"@id":"https:\/\/www.inner-alchemy.eu\/#organization"},"alternateName":"Inner Alchemy - \u0161kola \u010d\u00ednskej medic\u00edny","potentialAction":[{"@type":"SearchAction","target":{"@type":"EntryPoint","urlTemplate":"https:\/\/www.inner-alchemy.eu\/?s={search_term_string}"},"query-input":{"@type":"PropertyValueSpecification","valueRequired":true,"valueName":"search_term_string"}}],"inLanguage":"en-GB"},{"@type":"Organization","@id":"https:\/\/www.inner-alchemy.eu\/#organization","name":"Inner Alchemy","alternateName":"\u0160kola klasickej \u010d\u00ednskej medic\u00edny na Slovensku","url":"https:\/\/www.inner-alchemy.eu\/","logo":{"@type":"ImageObject","inLanguage":"en-GB","@id":"https:\/\/www.inner-alchemy.eu\/#\/schema\/logo\/image\/","url":"https:\/\/www.inner-alchemy.eu\/wp-content\/uploads\/2023\/01\/LOGOlifeW.png","contentUrl":"https:\/\/www.inner-alchemy.eu\/wp-content\/uploads\/2023\/01\/LOGOlifeW.png","width":49,"height":61,"caption":"Inner Alchemy"},"image":{"@id":"https:\/\/www.inner-alchemy.eu\/#\/schema\/logo\/image\/"}}]}},"_links":{"self":[{"href":"https:\/\/www.inner-alchemy.eu\/en\/wp-json\/wp\/v2\/pages\/4411","targetHints":{"allow":["GET"]}}],"collection":[{"href":"https:\/\/www.inner-alchemy.eu\/en\/wp-json\/wp\/v2\/pages"}],"about":[{"href":"https:\/\/www.inner-alchemy.eu\/en\/wp-json\/wp\/v2\/types\/page"}],"author":[{"embeddable":true,"href":"https:\/\/www.inner-alchemy.eu\/en\/wp-json\/wp\/v2\/users\/1"}],"replies":[{"embeddable":true,"href":"https:\/\/www.inner-alchemy.eu\/en\/wp-json\/wp\/v2\/comments?post=4411"}],"version-history":[{"count":12,"href":"https:\/\/www.inner-alchemy.eu\/en\/wp-json\/wp\/v2\/pages\/4411\/revisions"}],"predecessor-version":[{"id":4470,"href":"https:\/\/www.inner-alchemy.eu\/en\/wp-json\/wp\/v2\/pages\/4411\/revisions\/4470"}],"wp:attachment":[{"href":"https:\/\/www.inner-alchemy.eu\/en\/wp-json\/wp\/v2\/media?parent=4411"}],"curies":[{"name":"wp","href":"https:\/\/api.w.org\/{rel}","templated":true}]}}