{"id":4417,"date":"2026-03-10T19:54:19","date_gmt":"2026-03-10T18:54:19","guid":{"rendered":"https:\/\/www.inner-alchemy.eu\/?page_id=4417"},"modified":"2026-03-10T20:21:23","modified_gmt":"2026-03-10T19:21:23","slug":"reklamacny-poriadok","status":"publish","type":"page","link":"https:\/\/www.inner-alchemy.eu\/en\/reklamacny-poriadok\/","title":{"rendered":"Reklama\u010dn\u00fd poriadok"},"content":{"rendered":"\t\t<div data-elementor-type=\"wp-page\" data-elementor-id=\"4417\" class=\"elementor elementor-4417\" data-elementor-post-type=\"page\">\n\t\t\t\t<div class=\"elementor-element elementor-element-a0972bb e-flex e-con-boxed e-con e-parent\" data-id=\"a0972bb\" data-element_type=\"container\" data-e-type=\"container\" data-settings=\"{&quot;background_background&quot;:&quot;classic&quot;}\">\n\t\t\t\t\t<div class=\"e-con-inner\">\n\t\t<div class=\"elementor-element elementor-element-b23808b e-con-full e-flex e-con e-child\" data-id=\"b23808b\" data-element_type=\"container\" data-e-type=\"container\" data-settings=\"{&quot;background_background&quot;:&quot;classic&quot;}\">\n\t\t\t\t<div class=\"elementor-element elementor-element-534885c elementor-widget elementor-widget-heading\" data-id=\"534885c\" data-element_type=\"widget\" data-e-type=\"widget\" data-widget_type=\"heading.default\">\n\t\t\t\t<div class=\"elementor-widget-container\">\n\t\t\t\t\t<h1 class=\"elementor-heading-title elementor-size-default\">Reklama\u010dn\u00fd poriadok<\/h1>\t\t\t\t<\/div>\n\t\t\t\t<\/div>\n\t\t\t\t<div class=\"elementor-element elementor-element-12054e0 elementor-widget elementor-widget-text-editor\" data-id=\"12054e0\" data-element_type=\"widget\" data-e-type=\"widget\" data-widget_type=\"text-editor.default\">\n\t\t\t\t<div class=\"elementor-widget-container\">\n\t\t\t\t\t\t\t\t\t<html><head><meta content=\"text\/html; charset=UTF-8\" http-equiv=\"content-type\"><style type=\"text\/css\">@import url(https:\/\/themes.googleusercontent.com\/fonts\/css?kit=wAPX1HepqA24RkYW1AuHYA);ol{margin:0;padding:0}table td,table th{padding:0}.c0{color:#000000;font-weight:400;text-decoration:none;vertical-align:baseline;font-size:12pt;font-family:\"Calibri\";font-style:normal}.c1{padding-top:0pt;padding-bottom:8pt;line-height:1.1583333333333334;orphans:2;widows:2;text-align:left}.c2{background-color:#ffffff;max-width:453.6pt;padding:70.8pt 70.8pt 70.8pt 70.8pt}.c4{color:#ee0000}.c3{font-weight:700}.title{padding-top:0pt;color:#000000;font-size:28pt;padding-bottom:4pt;font-family:\"Calibri\";line-height:1.0;orphans:2;widows:2;text-align:left}.subtitle{padding-top:0pt;color:#595959;font-size:14pt;padding-bottom:8pt;font-family:\"Calibri\";line-height:1.1583333333333334;orphans:2;widows:2;text-align:left}li{color:#000000;font-size:12pt;font-family:\"Calibri\"}p{margin:0;color:#000000;font-size:12pt;font-family:\"Calibri\"}h1{padding-top:18pt;color:#2f5496;font-size:20pt;padding-bottom:4pt;font-family:\"Calibri\";line-height:1.1583333333333334;page-break-after:avoid;orphans:2;widows:2;text-align:left}h2{padding-top:8pt;color:#2f5496;font-size:16pt;padding-bottom:4pt;font-family:\"Calibri\";line-height:1.1583333333333334;page-break-after:avoid;orphans:2;widows:2;text-align:left}h3{padding-top:8pt;color:#2f5496;font-size:14pt;padding-bottom:4pt;font-family:\"Calibri\";line-height:1.1583333333333334;page-break-after:avoid;orphans:2;widows:2;text-align:left}h4{padding-top:4pt;color:#2f5496;font-size:12pt;padding-bottom:2pt;font-family:\"Calibri\";line-height:1.1583333333333334;page-break-after:avoid;font-style:italic;orphans:2;widows:2;text-align:left}h5{padding-top:4pt;color:#2f5496;font-size:12pt;padding-bottom:2pt;font-family:\"Calibri\";line-height:1.1583333333333334;page-break-after:avoid;orphans:2;widows:2;text-align:left}h6{padding-top:2pt;color:#595959;font-size:12pt;padding-bottom:0pt;font-family:\"Calibri\";line-height:1.1583333333333334;page-break-after:avoid;font-style:italic;orphans:2;widows:2;text-align:left}<\/style><\/head><body class=\"c2 doc-content\"><p class=\"c1\"><span class=\"c3\">ZODPOVEDNOS&#356; ZA&nbsp;VADY, REKLAM&Aacute;CIE A&nbsp;Z&Aacute;RU&#268;N&Eacute; PODMIENKY<\/span><\/p><p class=\"c1\"><span class=\"c0\">V pr&iacute;pade v&yacute;skytu vady na&nbsp;on-line produktoch Pred&aacute;vaj&uacute;ceho:<\/span><\/p><p class=\"c1\"><span class=\"c0\">1) Ak ide o&nbsp;vadu, ktor&uacute; mo&#382;no v&nbsp;z&aacute;vislosti od povahy poskytnut&eacute;ho plnenia odstr&aacute;ni&#357;, m&aacute; Kupuj&uacute;ci pr&aacute;vo, aby bola bezplatne, v&#269;as a&nbsp;riadne odstr&aacute;nen&aacute;. Pred&aacute;vaj&uacute;ci je povinn&yacute; vadu bez zbyto&#269;n&eacute;ho odkladu odstr&aacute;ni&#357;.<\/span><\/p><p class=\"c1\"><span class=\"c0\">Pred&aacute;vaj&uacute;ci m&ocirc;&#382;e v&#382;dy namiesto odstr&aacute;nenia vady vymeni&#357; vadn&eacute; plnenie za&nbsp;bezvadn&eacute;, ak &nbsp;je to re&aacute;lne mo&#382;n&eacute; a&nbsp;ak to Kupuj&uacute;cemu nesp&ocirc;sob&iacute; z&aacute;va&#382;n&eacute; &#357;a&#382;kosti.<\/span><\/p><p class=\"c1\"><span class=\"c0\">2) Ak ide o&nbsp;vadu, ktor&uacute; nemo&#382;no odstr&aacute;ni&#357; a&nbsp;ktor&aacute; br&aacute;ni tomu, aby sa plnenie mohlo riadne u&#382;&iacute;va&#357;, m&aacute; Kupuj&uacute;ci pr&aacute;vo od zmluvy odst&uacute;pi&#357;. Tie ist&eacute; pr&aacute;va prisl&uacute;chaj&uacute; Kupuj&uacute;cemu, ak ide s&iacute;ce o&nbsp;odstr&aacute;nite&#318;n&eacute; vady, ak v&scaron;ak Kupuj&uacute;ci nem&ocirc;&#382;e pre op&auml;tovn&eacute; vyskytnutie sa vady po&nbsp;oprave alebo pre v&auml;&#269;&scaron;&iacute; po&#269;et v&aacute;d plnenie riadne u&#382;&iacute;va&#357;.<\/span><\/p><p class=\"c1\"><span class=\"c0\">Ak ide o&nbsp;in&eacute; neodstr&aacute;nite&#318;n&eacute; vady, m&aacute; Kupuj&uacute;ci pr&aacute;vo na&nbsp;primeran&uacute; z&#318;avu z&nbsp;ceny produktu resp. slu&#382;by.<\/span><\/p><p class=\"c1\"><span class=\"c0\">Na online produkty zak&uacute;pen&eacute; prostredn&iacute;ctvom internetov&yacute;ch str&aacute;nok www.inner-alchemy.eu, www.yaoalchemy.eu, www.chinese-medicine.eu plat&iacute; z&aacute;konn&aacute; z&aacute;ru&#269;n&aacute; doba 24 mesiacov. Z&aacute;ru&#269;n&aacute; doba pod&#318;a tohto odseku za&#269;&iacute;na plyn&uacute;&#357; od prevzatia plnenia Kupuj&uacute;cim. Za&nbsp;prevzatie plnenia sa pova&#382;uje poskytnutie prihlasovac&iacute;ch &uacute;dajov pre kupuj&uacute;ceho po&nbsp;zaplaten&iacute; k&uacute;pnej ceny zo strany Kupuj&uacute;ceho.<\/span><\/p><p class=\"c1\"><span class=\"c0\">V s&uacute;lade s &sect; 19 ods. 1 p&iacute;sm. m) z&aacute;kona o ochrane spotrebite&#318;a (&#269;. 108\/2024 Z. z.) kupuj&uacute;ci nem&ocirc;&#382;e odst&uacute;pi&#357; od zmluvy, ktorej predmetom je poskytovanie digit&aacute;lneho obsahu inak ako na hmotnom nosi&#269;i. Udelen&iacute;m s&uacute;hlasu so za&#269;at&iacute;m poskytovania plnenia pred uplynut&iacute;m lehoty na odst&uacute;penie od zmluvy kupuj&uacute;ci vyhlasuje, &#382;e bol riadne pou&#269;en&yacute; o tom, &#382;e po &uacute;plnom spr&iacute;stupnen&iacute; digit&aacute;lneho obsahu (video semin&aacute;ra) str&aacute;ca pr&aacute;vo na odst&uacute;penie od zmluvy a vr&aacute;tenie platby<\/span><\/p><p class=\"c1\"><span>V pr&iacute;pade reklam&aacute;cie, s&#357;a&#382;nosti alebo podnetu m&ocirc;&#382;e Kupuj&uacute;ci kontaktova&#357; Pred&aacute;vaj&uacute;ceho na&nbsp;telef&oacute;nnom &#269;&iacute;sle +421&nbsp;905&nbsp;234 844 alebo na&nbsp;e-mail: info@inner-alchemy.eu<\/span><span class=\"c4\">. <\/span><span class=\"c0\">Ak bude reklam&aacute;cia od&ocirc;vodnen&aacute; a&nbsp;v z&aacute;vislosti od povahy vady plnenia, pri neodstr&aacute;nite&#318;nej vade m&aacute; Kupuj&uacute;ci pr&aacute;vo od zmluvy odst&uacute;pi&#357; a&nbsp;Pred&aacute;vaj&uacute;ci vr&aacute;ti Kupuj&uacute;cemu k&uacute;pnu cenu reklamovan&eacute;ho on-line produktu alebo slu&#382;by do&nbsp;48 hod&iacute;n od potvrdenia reklam&aacute;cie za&nbsp;s&uacute;&#269;asn&eacute;ho okam&#382;it&eacute;ho (t.j. ihne&#271; po&nbsp;doru&#269;en&iacute; odst&uacute;penia Pred&aacute;vaj&uacute;cemu) ukon&#269;enia platnosti pr&iacute;stupov&yacute;ch &uacute;dajov Spotrebite&#318;a k&nbsp;zak&uacute;pen&eacute;mu online produktu. V&nbsp;pr&iacute;pade odst&uacute;penia od zmluvy u&#382; po&nbsp;&#269;iasto&#269;nom bezvadnom pou&#382;it&iacute; online produktov, bude Kupuj&uacute;cemu vr&aacute;ten&aacute; alikv&oacute;tna &#269;as&#357; k&uacute;pnej ceny (v&yacute;nimka 30-d&#328;ov&aacute; garancia vr&aacute;tenia pe&#328;az&iacute;).<\/span><\/p><p class=\"c1\"><span class=\"c0\">Pri odstr&aacute;nite&#318;n&yacute;ch vad&aacute;ch plnenia Pred&aacute;vaj&uacute;ci poskytne Kupuj&uacute;cemu mo&#382;nos&#357; n&aacute;pravy uvedenej vady na&nbsp;z&aacute;klade povahy produktu.<\/span><\/p><p class=\"c1\"><span class=\"c3\">ODST&Uacute;PENIE OD ZMLUVY<\/span><\/p><p class=\"c1\"><span class=\"c0\">Kupuj&uacute;ci m&aacute; pr&aacute;vo odst&uacute;pi&#357; od zmluvy bez uvedenia d&ocirc;vodu do&nbsp;14 dn&iacute; od uzavretia k&uacute;pnej zmluvy.<\/span><\/p><p class=\"c1\"><span class=\"c0\">Za odst&uacute;penie od zmluvy sa pova&#382;uje v&yacute;slovn&yacute; prejav Kupuj&uacute;ceho o&nbsp;nespokojnosti s&nbsp;Produktom, ktor&yacute; bol doru&#269;en&yacute; Pred&aacute;vaj&uacute;cemu e-mailom alebo po&scaron;tou.<\/span><\/p><p class=\"c1\"><span class=\"c0\">Ak m&aacute; Kupuj&uacute;ci z&aacute;ujem, m&ocirc;&#382;e vyplni&#357; a&nbsp;zasla&#357; vzorov&yacute; formul&aacute;r na&nbsp;odst&uacute;penie od zmluvy alebo ak&eacute;ko&#318;vek in&eacute; jednozna&#269;n&eacute; vyhl&aacute;senie o&nbsp;odst&uacute;pen&iacute; od zmluvy aj elektronicky prostredn&iacute;ctvom internetovej str&aacute;nky pred&aacute;vaj&uacute;ceho www.inner-alchemy.eu, www.yaoalchemy.eu, www.chinese-medicine.eu Prijatie odst&uacute;penia od zmluvy Pred&aacute;vaj&uacute;ci bezodkladne potvrd&iacute; na&nbsp;trvanlivom nosi&#269;i (napr&iacute;klad e-mailom).<\/span><\/p><p class=\"c1\"><span class=\"c0\">Lehota na&nbsp;odst&uacute;penie od zmluvy je zachovan&aacute;, ak ozn&aacute;menie o&nbsp;uplatnen&iacute; pr&aacute;va na&nbsp;odst&uacute;penie od zmluvy je zo strany Kupuj&uacute;ceho odoslan&eacute; pred t&yacute;m, ako uplynie lehota na&nbsp;odst&uacute;penie od zmluvy.<\/span><\/p><p class=\"c1\"><span class=\"c0\">Zo z&aacute;kona m&aacute; Kupuj&uacute;ci pr&aacute;vo odst&uacute;pi&#357; od zmluvy pod&#318;a nasleduj&uacute;ceho formul&aacute;ra:<\/span><\/p><p class=\"c1\"><span class=\"c0\">Pr&iacute;loha &#269;. 3 k&nbsp;z&aacute;konu &#269;. 102\/2014 Z. z.<\/span><\/p><p class=\"c1\"><span class=\"c3\">VZOROV&Yacute; FORMUL&Aacute;R NA&nbsp;ODST&Uacute;PENIE OD ZMLUVY<\/span><\/p><p class=\"c1\"><span class=\"c0\">(vypl&#328;te a&nbsp;za&scaron;lite tento formul&aacute;r len v&nbsp;pr&iacute;pade, &#382;e si &#382;el&aacute;te odst&uacute;pi&#357; od zmluvy v&nbsp;zmysle tohto &#269;l&aacute;nku)<\/span><\/p><p class=\"c1\"><span class=\"c0\">&ndash; Komu &#8230;&#8230;&#8230;&#8230;.. [Pred&aacute;vaj&uacute;ci dopln&iacute; svoje meno, priezvisko a&nbsp;adresu miesta podnikania, ak ide o&nbsp;fyzick&uacute; osobu, ktor&aacute; je podnikate&#318;om, obchodn&eacute; meno a&nbsp;s&iacute;dlo alebo miesto podnikania, ak ide o&nbsp;pr&aacute;vnick&uacute; osobu, pr&iacute;padne faxov&eacute; &#269;&iacute;slo a&nbsp;e-mailov&uacute; adresu]:<\/span><\/p><p class=\"c1\"><span class=\"c0\">&ndash; T&yacute;mto oznamujem\/oznamujeme*, &#382;e odstupujem\/odstupujeme* od zmluvy na&nbsp;tento tovar\/od zmluvy o&nbsp;poskytnut&iacute; tejto slu&#382;by* : &#8230;&#8230;&#8230;&#8230;..<\/span><\/p><p class=\"c1\"><span class=\"c0\">&ndash; D&aacute;tum objednania\/d&aacute;tum prijatia* &#8230;&#8230;&#8230;&#8230;..<\/span><\/p><p class=\"c1\"><span class=\"c0\">&ndash; Meno a&nbsp;priezvisko spotrebite&#318;a\/spotrebite&#318;ov* &#8230;&#8230;&#8230;&#8230;..<\/span><\/p><p class=\"c1\"><span class=\"c0\">&ndash; Adresa spotrebite&#318;a\/spotrebite&#318;ov* &#8230;&#8230;&#8230;&#8230;..<\/span><\/p><p class=\"c1\"><span class=\"c0\">&ndash; Podpis spotrebite&#318;a\/spotrebite&#318;ov* (iba ak sa tento formul&aacute;r pod&aacute;va v&nbsp;listinnej podobe) &#8230;&#8230;&#8230;&#8230;..<\/span><\/p><p class=\"c1\"><span class=\"c0\">&ndash; D&aacute;tum &#8230;&#8230;&#8230;&#8230;..<\/span><\/p><p class=\"c1\"><span class=\"c0\">* Nehodiace sa pre&#269;iarknite.<\/span><\/p><p class=\"c1\"><span class=\"c0\">Po odst&uacute;pen&iacute; od zmluvy bud&uacute; Kupuj&uacute;cemu vr&aacute;ten&eacute; v&scaron;etky platby, ktor&eacute; uhradil v&nbsp;s&uacute;vislosti s&nbsp;uzavret&iacute;m zmluvy, najm&auml; k&uacute;pna cena vr&aacute;tane n&aacute;kladov na&nbsp;doru&#269;enie tovaru ku Kupuj&uacute;cemu. Vr&aacute;tenie platby sa v&scaron;ak nevz&#357;ahuje na&nbsp;dodato&#269;n&eacute; n&aacute;klady, ak bol zvolen&yacute; in&yacute; druh doru&#269;enia ako je najlacnej&scaron;&iacute; be&#382;n&yacute; sp&ocirc;sob doru&#269;enia, ktor&yacute; pred&aacute;vaj&uacute;ci pon&uacute;ka. <\/span><\/p><p class=\"c1\"><span class=\"c0\">Platby bud&uacute; vr&aacute;ten&eacute; bez zbyto&#269;n&eacute;ho odkladu, najnesk&ocirc;r do&nbsp;14 dn&iacute; odo d&#328;a, ke&#271; bolo Pred&aacute;vaj&uacute;cemu doru&#269;en&eacute; ozn&aacute;menie kupuj&uacute;ceho o&nbsp;odst&uacute;pen&iacute; od tejto zmluvy. &Uacute;hrada bude uskuto&#269;nen&aacute; rovnak&yacute;m sp&ocirc;sobom, ak&yacute; bol pou&#382;it&yacute; pri platbe za&nbsp;produkty, ak Kupuj&uacute;ci v&yacute;slovne nes&uacute;hlasil s&nbsp;in&yacute;m sp&ocirc;sobom platby, a&nbsp;to bez &uacute;&#269;tovania ak&yacute;chko&#318;vek &#271;al&scaron;&iacute;ch poplatkov.<\/span><\/p><\/body><\/html>\t\t\t\t\t\t\t\t<\/div>\n\t\t\t\t<\/div>\n\t\t\t\t<div class=\"elementor-element elementor-element-61f0e95 elementor-widget elementor-widget-text-editor\" data-id=\"61f0e95\" data-element_type=\"widget\" data-e-type=\"widget\" data-widget_type=\"text-editor.default\">\n\t\t\t\t<div class=\"elementor-widget-container\">\n\t\t\t\t\t\t\t\t\t<p><strong><a href=\"https:\/\/www.inner-alchemy.eu\/wp-content\/uploads\/2026\/03\/FORMULAR-NA-VRATENIE-TOVARU-pre-www.inner-alchemy.eu_.docx\"><u>Formul\u00e1r si m\u00f4\u017eete stiahnu\u0165 TU<\/u><\/a><\/strong><\/p>\t\t\t\t\t\t\t\t<\/div>\n\t\t\t\t<\/div>\n\t\t\t\t<\/div>\n\t\t\t\t\t<\/div>\n\t\t\t\t<\/div>\n\t\t\t\t<\/div>\n\t\t","protected":false},"excerpt":{"rendered":"<p>Reklama\u010dn\u00fd poriadok ZODPOVEDNOS&#356; ZA&nbsp;VADY, REKLAM&Aacute;CIE A&nbsp;Z&Aacute;RU&#268;N&Eacute; PODMIENKY V pr&iacute;pade v&yacute;skytu vady na&nbsp;on-line produktoch Pred&aacute;vaj&uacute;ceho: 1) Ak ide o&nbsp;vadu, ktor&uacute; mo&#382;no v&nbsp;z&aacute;vislosti od povahy poskytnut&eacute;ho plnenia odstr&aacute;ni&#357;, m&aacute; Kupuj&uacute;ci pr&aacute;vo, aby bola bezplatne, v&#269;as a&nbsp;riadne odstr&aacute;nen&aacute;. Pred&aacute;vaj&uacute;ci je povinn&yacute; vadu bez zbyto&#269;n&eacute;ho odkladu odstr&aacute;ni&#357;. Pred&aacute;vaj&uacute;ci m&ocirc;&#382;e v&#382;dy namiesto odstr&aacute;nenia vady vymeni&#357; vadn&eacute; plnenie za&nbsp;bezvadn&eacute;, ak &nbsp;je [&hellip;]<\/p>\n","protected":false},"author":1,"featured_media":0,"parent":0,"menu_order":0,"comment_status":"closed","ping_status":"closed","template":"","meta":{"site-sidebar-layout":"no-sidebar","site-content-layout":"page-builder","ast-site-content-layout":"default","site-content-style":"default","site-sidebar-style":"default","ast-global-header-display":"","ast-banner-title-visibility":"","ast-main-header-display":"","ast-hfb-above-header-display":"","ast-hfb-below-header-display":"","ast-hfb-mobile-header-display":"","site-post-title":"disabled","ast-breadcrumbs-content":"","ast-featured-img":"disabled","footer-sml-layout":"","ast-disable-related-posts":"","theme-transparent-header-meta":"","adv-header-id-meta":"","stick-header-meta":"","header-above-stick-meta":"","header-main-stick-meta":"","header-below-stick-meta":"","astra-migrate-meta-layouts":"default","ast-page-background-enabled":"default","ast-page-background-meta":{"desktop":{"background-color":"","background-image":"","background-repeat":"repeat","background-position":"center center","background-size":"auto","background-attachment":"scroll","background-type":"","background-media":"","overlay-type":"","overlay-color":"","overlay-opacity":"","overlay-gradient":""},"tablet":{"background-color":"","background-image":"","background-repeat":"repeat","background-position":"center center","background-size":"auto","background-attachment":"scroll","background-type":"","background-media":"","overlay-type":"","overlay-color":"","overlay-opacity":"","overlay-gradient":""},"mobile":{"background-color":"","background-image":"","background-repeat":"repeat","background-position":"center center","background-size":"auto","background-attachment":"scroll","background-type":"","background-media":"","overlay-type":"","overlay-color":"","overlay-opacity":"","overlay-gradient":""}},"ast-content-background-meta":{"desktop":{"background-color":"var(--ast-global-color-5)","background-image":"","background-repeat":"repeat","background-position":"center center","background-size":"auto","background-attachment":"scroll","background-type":"","background-media":"","overlay-type":"","overlay-color":"","overlay-opacity":"","overlay-gradient":""},"tablet":{"background-color":"var(--ast-global-color-5)","background-image":"","background-repeat":"repeat","background-position":"center center","background-size":"auto","background-attachment":"scroll","background-type":"","background-media":"","overlay-type":"","overlay-color":"","overlay-opacity":"","overlay-gradient":""},"mobile":{"background-color":"var(--ast-global-color-5)","background-image":"","background-repeat":"repeat","background-position":"center center","background-size":"auto","background-attachment":"scroll","background-type":"","background-media":"","overlay-type":"","overlay-color":"","overlay-opacity":"","overlay-gradient":""}},"footnotes":""},"class_list":["post-4417","page","type-page","status-publish","hentry"],"yoast_head":"<!-- This site is optimized with the Yoast SEO plugin v27.4 - https:\/\/yoast.com\/product\/yoast-seo-wordpress\/ -->\n<title>Reklama\u010dn\u00fd poriadok - Inner Alchemy<\/title>\n<meta name=\"robots\" content=\"index, follow, max-snippet:-1, max-image-preview:large, max-video-preview:-1\" \/>\n<link rel=\"canonical\" href=\"https:\/\/www.inner-alchemy.eu\/en\/reklamacny-poriadok\/\" \/>\n<meta property=\"og:locale\" content=\"en_GB\" \/>\n<meta property=\"og:type\" content=\"article\" \/>\n<meta property=\"og:title\" content=\"Reklama\u010dn\u00fd poriadok - Inner Alchemy\" \/>\n<meta property=\"og:description\" content=\"Reklama\u010dn\u00fd poriadok ZODPOVEDNOS&#356; ZA&nbsp;VADY, REKLAM&Aacute;CIE A&nbsp;Z&Aacute;RU&#268;N&Eacute; PODMIENKY V pr&iacute;pade v&yacute;skytu vady na&nbsp;on-line produktoch Pred&aacute;vaj&uacute;ceho: 1) Ak ide o&nbsp;vadu, ktor&uacute; mo&#382;no v&nbsp;z&aacute;vislosti od povahy poskytnut&eacute;ho plnenia odstr&aacute;ni&#357;, m&aacute; Kupuj&uacute;ci pr&aacute;vo, aby bola bezplatne, v&#269;as a&nbsp;riadne odstr&aacute;nen&aacute;. Pred&aacute;vaj&uacute;ci je povinn&yacute; vadu bez zbyto&#269;n&eacute;ho odkladu odstr&aacute;ni&#357;. Pred&aacute;vaj&uacute;ci m&ocirc;&#382;e v&#382;dy namiesto odstr&aacute;nenia vady vymeni&#357; vadn&eacute; plnenie za&nbsp;bezvadn&eacute;, ak &nbsp;je [&hellip;]\" \/>\n<meta property=\"og:url\" content=\"https:\/\/www.inner-alchemy.eu\/en\/reklamacny-poriadok\/\" \/>\n<meta property=\"og:site_name\" content=\"Inner Alchemy\" \/>\n<meta property=\"article:modified_time\" content=\"2026-03-10T19:21:23+00:00\" \/>\n<meta name=\"twitter:card\" content=\"summary_large_image\" \/>\n<meta name=\"twitter:label1\" content=\"Estimated reading time\" \/>\n\t<meta name=\"twitter:data1\" content=\"4 minutes\" \/>\n<script type=\"application\/ld+json\" class=\"yoast-schema-graph\">{\"@context\":\"https:\\\/\\\/schema.org\",\"@graph\":[{\"@type\":\"WebPage\",\"@id\":\"https:\\\/\\\/www.inner-alchemy.eu\\\/reklamacny-poriadok\\\/\",\"url\":\"https:\\\/\\\/www.inner-alchemy.eu\\\/reklamacny-poriadok\\\/\",\"name\":\"Reklama\u010dn\u00fd poriadok - Inner Alchemy\",\"isPartOf\":{\"@id\":\"https:\\\/\\\/www.inner-alchemy.eu\\\/#website\"},\"datePublished\":\"2026-03-10T18:54:19+00:00\",\"dateModified\":\"2026-03-10T19:21:23+00:00\",\"breadcrumb\":{\"@id\":\"https:\\\/\\\/www.inner-alchemy.eu\\\/reklamacny-poriadok\\\/#breadcrumb\"},\"inLanguage\":\"en-GB\",\"potentialAction\":[{\"@type\":\"ReadAction\",\"target\":[\"https:\\\/\\\/www.inner-alchemy.eu\\\/reklamacny-poriadok\\\/\"]}]},{\"@type\":\"BreadcrumbList\",\"@id\":\"https:\\\/\\\/www.inner-alchemy.eu\\\/reklamacny-poriadok\\\/#breadcrumb\",\"itemListElement\":[{\"@type\":\"ListItem\",\"position\":1,\"name\":\"Domovsk\u00e1 str\u00e1nka\",\"item\":\"https:\\\/\\\/www.inner-alchemy.eu\\\/\"},{\"@type\":\"ListItem\",\"position\":2,\"name\":\"Reklama\u010dn\u00fd poriadok\"}]},{\"@type\":\"WebSite\",\"@id\":\"https:\\\/\\\/www.inner-alchemy.eu\\\/#website\",\"url\":\"https:\\\/\\\/www.inner-alchemy.eu\\\/\",\"name\":\"Inner Alchemy\",\"description\":\"Nov\u00fd a lep\u0161\u00ed sp\u00f4sob \u017eivota\",\"publisher\":{\"@id\":\"https:\\\/\\\/www.inner-alchemy.eu\\\/#organization\"},\"alternateName\":\"Inner Alchemy - \u0161kola \u010d\u00ednskej medic\u00edny\",\"potentialAction\":[{\"@type\":\"SearchAction\",\"target\":{\"@type\":\"EntryPoint\",\"urlTemplate\":\"https:\\\/\\\/www.inner-alchemy.eu\\\/?s={search_term_string}\"},\"query-input\":{\"@type\":\"PropertyValueSpecification\",\"valueRequired\":true,\"valueName\":\"search_term_string\"}}],\"inLanguage\":\"en-GB\"},{\"@type\":\"Organization\",\"@id\":\"https:\\\/\\\/www.inner-alchemy.eu\\\/#organization\",\"name\":\"Inner Alchemy\",\"alternateName\":\"\u0160kola klasickej \u010d\u00ednskej medic\u00edny na Slovensku\",\"url\":\"https:\\\/\\\/www.inner-alchemy.eu\\\/\",\"logo\":{\"@type\":\"ImageObject\",\"inLanguage\":\"en-GB\",\"@id\":\"https:\\\/\\\/www.inner-alchemy.eu\\\/#\\\/schema\\\/logo\\\/image\\\/\",\"url\":\"https:\\\/\\\/www.inner-alchemy.eu\\\/wp-content\\\/uploads\\\/2023\\\/01\\\/LOGOlifeW.png\",\"contentUrl\":\"https:\\\/\\\/www.inner-alchemy.eu\\\/wp-content\\\/uploads\\\/2023\\\/01\\\/LOGOlifeW.png\",\"width\":49,\"height\":61,\"caption\":\"Inner Alchemy\"},\"image\":{\"@id\":\"https:\\\/\\\/www.inner-alchemy.eu\\\/#\\\/schema\\\/logo\\\/image\\\/\"}}]}<\/script>\n<!-- \/ Yoast SEO plugin. -->","yoast_head_json":{"title":"Reklama\u010dn\u00fd poriadok - Inner Alchemy","robots":{"index":"index","follow":"follow","max-snippet":"max-snippet:-1","max-image-preview":"max-image-preview:large","max-video-preview":"max-video-preview:-1"},"canonical":"https:\/\/www.inner-alchemy.eu\/en\/reklamacny-poriadok\/","og_locale":"en_GB","og_type":"article","og_title":"Reklama\u010dn\u00fd poriadok - Inner Alchemy","og_description":"Reklama\u010dn\u00fd poriadok ZODPOVEDNOS&#356; ZA&nbsp;VADY, REKLAM&Aacute;CIE A&nbsp;Z&Aacute;RU&#268;N&Eacute; PODMIENKY V pr&iacute;pade v&yacute;skytu vady na&nbsp;on-line produktoch Pred&aacute;vaj&uacute;ceho: 1) Ak ide o&nbsp;vadu, ktor&uacute; mo&#382;no v&nbsp;z&aacute;vislosti od povahy poskytnut&eacute;ho plnenia odstr&aacute;ni&#357;, m&aacute; Kupuj&uacute;ci pr&aacute;vo, aby bola bezplatne, v&#269;as a&nbsp;riadne odstr&aacute;nen&aacute;. Pred&aacute;vaj&uacute;ci je povinn&yacute; vadu bez zbyto&#269;n&eacute;ho odkladu odstr&aacute;ni&#357;. Pred&aacute;vaj&uacute;ci m&ocirc;&#382;e v&#382;dy namiesto odstr&aacute;nenia vady vymeni&#357; vadn&eacute; plnenie za&nbsp;bezvadn&eacute;, ak &nbsp;je [&hellip;]","og_url":"https:\/\/www.inner-alchemy.eu\/en\/reklamacny-poriadok\/","og_site_name":"Inner Alchemy","article_modified_time":"2026-03-10T19:21:23+00:00","twitter_card":"summary_large_image","twitter_misc":{"Estimated reading time":"4 minutes"},"schema":{"@context":"https:\/\/schema.org","@graph":[{"@type":"WebPage","@id":"https:\/\/www.inner-alchemy.eu\/reklamacny-poriadok\/","url":"https:\/\/www.inner-alchemy.eu\/reklamacny-poriadok\/","name":"Reklama\u010dn\u00fd poriadok - Inner Alchemy","isPartOf":{"@id":"https:\/\/www.inner-alchemy.eu\/#website"},"datePublished":"2026-03-10T18:54:19+00:00","dateModified":"2026-03-10T19:21:23+00:00","breadcrumb":{"@id":"https:\/\/www.inner-alchemy.eu\/reklamacny-poriadok\/#breadcrumb"},"inLanguage":"en-GB","potentialAction":[{"@type":"ReadAction","target":["https:\/\/www.inner-alchemy.eu\/reklamacny-poriadok\/"]}]},{"@type":"BreadcrumbList","@id":"https:\/\/www.inner-alchemy.eu\/reklamacny-poriadok\/#breadcrumb","itemListElement":[{"@type":"ListItem","position":1,"name":"Domovsk\u00e1 str\u00e1nka","item":"https:\/\/www.inner-alchemy.eu\/"},{"@type":"ListItem","position":2,"name":"Reklama\u010dn\u00fd poriadok"}]},{"@type":"WebSite","@id":"https:\/\/www.inner-alchemy.eu\/#website","url":"https:\/\/www.inner-alchemy.eu\/","name":"Inner Alchemy","description":"Nov\u00fd a lep\u0161\u00ed sp\u00f4sob \u017eivota","publisher":{"@id":"https:\/\/www.inner-alchemy.eu\/#organization"},"alternateName":"Inner Alchemy - \u0161kola \u010d\u00ednskej medic\u00edny","potentialAction":[{"@type":"SearchAction","target":{"@type":"EntryPoint","urlTemplate":"https:\/\/www.inner-alchemy.eu\/?s={search_term_string}"},"query-input":{"@type":"PropertyValueSpecification","valueRequired":true,"valueName":"search_term_string"}}],"inLanguage":"en-GB"},{"@type":"Organization","@id":"https:\/\/www.inner-alchemy.eu\/#organization","name":"Inner Alchemy","alternateName":"\u0160kola klasickej \u010d\u00ednskej medic\u00edny na Slovensku","url":"https:\/\/www.inner-alchemy.eu\/","logo":{"@type":"ImageObject","inLanguage":"en-GB","@id":"https:\/\/www.inner-alchemy.eu\/#\/schema\/logo\/image\/","url":"https:\/\/www.inner-alchemy.eu\/wp-content\/uploads\/2023\/01\/LOGOlifeW.png","contentUrl":"https:\/\/www.inner-alchemy.eu\/wp-content\/uploads\/2023\/01\/LOGOlifeW.png","width":49,"height":61,"caption":"Inner Alchemy"},"image":{"@id":"https:\/\/www.inner-alchemy.eu\/#\/schema\/logo\/image\/"}}]}},"_links":{"self":[{"href":"https:\/\/www.inner-alchemy.eu\/en\/wp-json\/wp\/v2\/pages\/4417","targetHints":{"allow":["GET"]}}],"collection":[{"href":"https:\/\/www.inner-alchemy.eu\/en\/wp-json\/wp\/v2\/pages"}],"about":[{"href":"https:\/\/www.inner-alchemy.eu\/en\/wp-json\/wp\/v2\/types\/page"}],"author":[{"embeddable":true,"href":"https:\/\/www.inner-alchemy.eu\/en\/wp-json\/wp\/v2\/users\/1"}],"replies":[{"embeddable":true,"href":"https:\/\/www.inner-alchemy.eu\/en\/wp-json\/wp\/v2\/comments?post=4417"}],"version-history":[{"count":9,"href":"https:\/\/www.inner-alchemy.eu\/en\/wp-json\/wp\/v2\/pages\/4417\/revisions"}],"predecessor-version":[{"id":4467,"href":"https:\/\/www.inner-alchemy.eu\/en\/wp-json\/wp\/v2\/pages\/4417\/revisions\/4467"}],"wp:attachment":[{"href":"https:\/\/www.inner-alchemy.eu\/en\/wp-json\/wp\/v2\/media?parent=4417"}],"curies":[{"name":"wp","href":"https:\/\/api.w.org\/{rel}","templated":true}]}}