{"id":4525,"date":"2026-04-22T19:18:53","date_gmt":"2026-04-22T17:18:53","guid":{"rendered":"https:\/\/www.inner-alchemy.eu\/?page_id=4525"},"modified":"2026-04-22T20:03:48","modified_gmt":"2026-04-22T18:03:48","slug":"postgradualny-seminar-lieky-2","status":"publish","type":"page","link":"https:\/\/www.inner-alchemy.eu\/en\/postgradualny-seminar-lieky-2\/","title":{"rendered":"Postgradu\u00e1lny semin\u00e1r &#8211; Lieky 2"},"content":{"rendered":"\t\t<div data-elementor-type=\"page\" data-elementor-id=\"4517\" class=\"elementor elementor-4517\" data-elementor-post-type=\"elementor_library\">\n\t\t\t\t<div class=\"elementor-element elementor-element-694079db e-flex e-con-boxed e-con e-child\" data-id=\"694079db\" data-element_type=\"container\" data-e-type=\"container\">\n\t\t\t\t\t<div class=\"e-con-inner\">\n\t\t\t\t<div class=\"elementor-element elementor-element-517a751d elementor-widget elementor-widget-heading\" data-id=\"517a751d\" data-element_type=\"widget\" data-e-type=\"widget\" data-widget_type=\"heading.default\">\n\t\t\t\t<div class=\"elementor-widget-container\">\n\t\t\t\t\t<h2 class=\"elementor-heading-title elementor-size-default\">Postgradu\u00e1lny semin\u00e1r - Lieky 2<\/h2>\t\t\t\t<\/div>\n\t\t\t\t<\/div>\n\t\t\t\t<div class=\"elementor-element elementor-element-62b3540e elementor-widget-divider--view-line elementor-widget elementor-widget-divider\" data-id=\"62b3540e\" data-element_type=\"widget\" data-e-type=\"widget\" data-widget_type=\"divider.default\">\n\t\t\t\t<div class=\"elementor-widget-container\">\n\t\t\t\t\t\t\t<div class=\"elementor-divider\">\n\t\t\t<span class=\"elementor-divider-separator\">\n\t\t\t\t\t\t<\/span>\n\t\t<\/div>\n\t\t\t\t\t\t<\/div>\n\t\t\t\t<\/div>\n\t\t\t\t<div class=\"elementor-element elementor-element-46c7e30 elementor-widget elementor-widget-text-editor\" data-id=\"46c7e30\" data-element_type=\"widget\" data-e-type=\"widget\" data-widget_type=\"text-editor.default\">\n\t\t\t\t<div class=\"elementor-widget-container\">\n\t\t\t\t\t\t\t\t\t<p>Takmer 4 hodiny video materi\u00e1lu v 4K kvalite rozdelen\u00e9ho do 6 vide\u00ed<\/p>\t\t\t\t\t\t\t\t<\/div>\n\t\t\t\t<\/div>\n\t\t<div class=\"elementor-element elementor-element-462faa7e e-con-full e-flex e-con e-child\" data-id=\"462faa7e\" data-element_type=\"container\" data-e-type=\"container\">\n\t\t<div class=\"elementor-element elementor-element-69f76077 e-con-full e-flex e-con e-child\" data-id=\"69f76077\" data-element_type=\"container\" data-e-type=\"container\">\n\t\t\t\t<div class=\"elementor-element elementor-element-5c8fdfa4 elementor-widget elementor-widget-heading\" data-id=\"5c8fdfa4\" data-element_type=\"widget\" data-e-type=\"widget\" data-widget_type=\"heading.default\">\n\t\t\t\t<div class=\"elementor-widget-container\">\n\t\t\t\t\t<h2 class=\"elementor-heading-title elementor-size-default\">\u010co je n\u00e1pl\u0148ou semin\u00e1ra ?<\/h2>\t\t\t\t<\/div>\n\t\t\t\t<\/div>\n\t\t\t\t<div class=\"elementor-element elementor-element-52e2942 elementor-widget elementor-widget-text-editor\" data-id=\"52e2942\" data-element_type=\"widget\" data-e-type=\"widget\" data-widget_type=\"text-editor.default\">\n\t\t\t\t<div class=\"elementor-widget-container\">\n\t\t\t\t\t\t\t\t\t<ul><li>Uk\u00e1za\u0165 prepojenie medzi klasickou \u010d\u00ednskou medic\u00ednou a<br \/>z\u00e1padnou medic\u00ednou\u00a0<\/li><li>Rozobratie vplyvu naj\u010dastej\u0161ie pou\u017e\u00edvan\u00fdch liekov (ich<br \/>\u00fa\u010dinn\u00fdch l\u00e1tok) na pulz a na biomechaniku tela<\/li><li>Vplyv liekov aj zo \u0161pecifick\u00e9ho poh\u013eadu te\u00f3rie Kme\u0148ov a<br \/>vetiev a ich diagnostika z pulzu<\/li><li>Metabolizmus tukov a ich rozdelenie<\/li><li>Cholesterol a jeho vplyv z poh\u013eadu z\u00e1padnej aj \u010d\u00ednskej medic\u00edny<\/li><li>Hyperlipid\u00e9mia a ateroskler\u00f3za<\/li><li>Lieky na zn\u00ed\u017eenie lipidov a kardiovaskul\u00e1rne lieky<\/li><\/ul>\t\t\t\t\t\t\t\t<\/div>\n\t\t\t\t<\/div>\n\t\t\t\t<div class=\"elementor-element elementor-element-14f356cd elementor-widget elementor-widget-heading\" data-id=\"14f356cd\" data-element_type=\"widget\" data-e-type=\"widget\" data-widget_type=\"heading.default\">\n\t\t\t\t<div class=\"elementor-widget-container\">\n\t\t\t\t\t<h2 class=\"elementor-heading-title elementor-size-default\">Pre koho je semin\u00e1r ur\u010den\u00fd ?<\/h2>\t\t\t\t<\/div>\n\t\t\t\t<\/div>\n\t\t\t\t<div class=\"elementor-element elementor-element-1cd5a303 elementor-widget elementor-widget-text-editor\" data-id=\"1cd5a303\" data-element_type=\"widget\" data-e-type=\"widget\" data-widget_type=\"text-editor.default\">\n\t\t\t\t<div class=\"elementor-widget-container\">\n\t\t\t\t\t\t\t\t\t<p>Ide\u00e1lne pre \u0161tudentov \u010d\u00ednskej medic\u00edny, ktor\u00ed by sa radi<br \/>ponorili hlb\u0161ie do prepojenia \u010d\u00ednskej a z\u00e1padnej medic\u00edny a<br \/>zistili ako v tele funguj\u00fa \u201ez\u00e1padn\u00e9 lieky\u201c a ako tieto lieky<br \/>ovplyv\u0148uj\u00fa nie len pulz, ale aj funkcie tela z poh\u013eadu \u010d\u00ednskej<br \/>medic\u00edny.<\/p>\t\t\t\t\t\t\t\t<\/div>\n\t\t\t\t<\/div>\n\t\t\t\t<\/div>\n\t\t<div class=\"elementor-element elementor-element-4dadb130 e-con-full e-flex e-con e-child\" data-id=\"4dadb130\" data-element_type=\"container\" data-e-type=\"container\">\n\t\t<a class=\"elementor-element elementor-element-7e7f097b e-con-full e-transform e-flex e-con e-child\" data-id=\"7e7f097b\" data-element_type=\"container\" data-e-type=\"container\" data-settings=\"{&quot;background_background&quot;:&quot;classic&quot;,&quot;_transform_scale_effect_hover&quot;:{&quot;unit&quot;:&quot;px&quot;,&quot;size&quot;:1.0500000000000000444089209850062616169452667236328125,&quot;sizes&quot;:[]},&quot;_transform_scale_effect_hover_tablet&quot;:{&quot;unit&quot;:&quot;px&quot;,&quot;size&quot;:&quot;&quot;,&quot;sizes&quot;:[]},&quot;_transform_scale_effect_hover_mobile&quot;:{&quot;unit&quot;:&quot;px&quot;,&quot;size&quot;:&quot;&quot;,&quot;sizes&quot;:[]}}\" href=\"https:\/\/www.inner-alchemy.eu\/postgradualny-seminar-liecba-ducha-a-psychiky-v-klasickej-cinskej-medicine\/\">\n\t\t\t\t<div class=\"elementor-element elementor-element-7f51a3d elementor-widget elementor-widget-heading\" data-id=\"7f51a3d\" data-element_type=\"widget\" data-e-type=\"widget\" data-widget_type=\"heading.default\">\n\t\t\t\t<div class=\"elementor-widget-container\">\n\t\t\t\t\t<h2 class=\"elementor-heading-title elementor-size-default\">Lieky z poh\u013eadu \u010d\u00ednskej medic\u00edny<\/h2>\t\t\t\t<\/div>\n\t\t\t\t<\/div>\n\t\t\t\t<\/a>\n\t\t\t\t<\/div>\n\t\t\t\t<\/div>\n\t\t\t\t\t<\/div>\n\t\t\t\t<\/div>\n\t\t<div class=\"elementor-element elementor-element-5508209a e-flex e-con-boxed e-con e-parent\" data-id=\"5508209a\" data-element_type=\"container\" data-e-type=\"container\">\n\t\t\t\t\t<div class=\"e-con-inner\">\n\t\t\t\t<div class=\"elementor-element elementor-element-69d381a6 elementor-widget elementor-widget-heading\" data-id=\"69d381a6\" data-element_type=\"widget\" data-e-type=\"widget\" data-widget_type=\"heading.default\">\n\t\t\t\t<div class=\"elementor-widget-container\">\n\t\t\t\t\t<h2 class=\"elementor-heading-title elementor-size-default\">Pozrite si uk\u00e1\u017eku semin\u00e1ra<\/h2>\t\t\t\t<\/div>\n\t\t\t\t<\/div>\n\t\t\t\t<div class=\"elementor-element elementor-element-79b3c2f9 elementor-widget-divider--view-line elementor-widget elementor-widget-divider\" data-id=\"79b3c2f9\" data-element_type=\"widget\" data-e-type=\"widget\" data-widget_type=\"divider.default\">\n\t\t\t\t<div class=\"elementor-widget-container\">\n\t\t\t\t\t\t\t<div class=\"elementor-divider\">\n\t\t\t<span class=\"elementor-divider-separator\">\n\t\t\t\t\t\t<\/span>\n\t\t<\/div>\n\t\t\t\t\t\t<\/div>\n\t\t\t\t<\/div>\n\t\t<div class=\"elementor-element elementor-element-4a426727 e-con-full e-flex e-con e-child\" data-id=\"4a426727\" data-element_type=\"container\" data-e-type=\"container\">\n\t\t\t\t<div class=\"elementor-element elementor-element-4383a1a2 elementor-widget elementor-widget-video\" data-id=\"4383a1a2\" data-element_type=\"widget\" data-e-type=\"widget\" data-settings=\"{&quot;video_type&quot;:&quot;vimeo&quot;}\" data-widget_type=\"video.default\">\n\t\t\t\t<div class=\"elementor-widget-container\">\n\t\t\t\t\t\t\t<div class=\"elementor-wrapper elementor-open-inline\">\n\t\t\t<iframe class=\"elementor-video-iframe\" allowfullscreen allow=\"clipboard-write\" title=\"vimeo Video Player\" src=\"https:\/\/player.vimeo.com\/video\/1184856556?color&amp;autopause=0&amp;loop=0&amp;muted=0&amp;title=0&amp;portrait=0&amp;byline=0#t=\"><\/iframe>\t\t<\/div>\n\t\t\t\t\t\t<\/div>\n\t\t\t\t<\/div>\n\t\t\t\t<\/div>\n\t\t\t\t\t<\/div>\n\t\t\t\t<\/div>\n\t\t<div class=\"elementor-element elementor-element-b648ac2 e-flex e-con-boxed e-con e-parent\" data-id=\"b648ac2\" data-element_type=\"container\" data-e-type=\"container\">\n\t\t\t\t\t<div class=\"e-con-inner\">\n\t\t\t\t<div class=\"elementor-element elementor-element-466790e elementor-widget elementor-widget-heading\" data-id=\"466790e\" data-element_type=\"widget\" data-e-type=\"widget\" data-widget_type=\"heading.default\">\n\t\t\t\t<div class=\"elementor-widget-container\">\n\t\t\t\t\t<h2 class=\"elementor-heading-title elementor-size-default\">\u010co V\u00e1s v semin\u00e1ri \u010dak\u00e1 ?<\/h2>\t\t\t\t<\/div>\n\t\t\t\t<\/div>\n\t\t\t\t<div class=\"elementor-element elementor-element-a8ba9ef elementor-widget-divider--view-line elementor-widget elementor-widget-divider\" data-id=\"a8ba9ef\" data-element_type=\"widget\" data-e-type=\"widget\" data-widget_type=\"divider.default\">\n\t\t\t\t<div class=\"elementor-widget-container\">\n\t\t\t\t\t\t\t<div class=\"elementor-divider\">\n\t\t\t<span class=\"elementor-divider-separator\">\n\t\t\t\t\t\t<\/span>\n\t\t<\/div>\n\t\t\t\t\t\t<\/div>\n\t\t\t\t<\/div>\n\t\t\t\t<div class=\"elementor-element elementor-element-6949ffa elementor-widget elementor-widget-text-editor\" data-id=\"6949ffa\" data-element_type=\"widget\" data-e-type=\"widget\" data-widget_type=\"text-editor.default\">\n\t\t\t\t<div class=\"elementor-widget-container\">\n\t\t\t\t\t\t\t\t\t<div>01 \u2013 \u00davod a metabolizmus tukov (43min)<br \/>02 \u2013 Druhy tukov (74min)<br \/>03 \u2013 Typy cholesterolu (35min)<br \/>04 \u2013 Syndr\u00f3m hyperlipid\u00e9mie (18min)<br \/>05 \u2013 Lieky na zn\u00ed\u017eenie lipidov (31min)<br \/>06 \u2013 Ateroskler\u00f3za a kardiovaskul\u00e1rne lieky (27min)<\/div>\t\t\t\t\t\t\t\t<\/div>\n\t\t\t\t<\/div>\n\t\t\t\t\t<\/div>\n\t\t\t\t<\/div>\n\t\t\t\t<\/div>\n\t\t\n\n\n\n\n\n<div style=\"height:63px\" aria-hidden=\"true\" class=\"wp-block-spacer\"><\/div>\n\n\n\n\n\n<p class=\"has-text-align-center\"><strong>Ak ste si kurz u\u017e zak\u00fapili m\u00f4\u017eete sa prihl\u00e1si\u0165 <a href=\"http:\/\/inner-alchemy.eu\/wp-login.php\"><mark style=\"background-color:rgba(0, 0, 0, 0);color:#000000\" class=\"has-inline-color\">TU<\/mark><\/a><\/strong><\/p>\n\n\n<script>(function(i,s,o,g,r,a,m){i[r]=i[r]||function(){(i[r].q=i[r].q||[]).push(arguments)},i[r].l=1*new Date();a=s.createElement(o),m=s.getElementsByTagName(o)[0];a.src=g;m.parentNode.insertBefore(a,m)})(window,document,\"script\",\"https:\\\/\\\/form.simpleshop.cz\\\/prj\\\/js\\\/SimpleShopService.js\",\"sss\");sss(\"createForm\",\"NDaxo\")<\/script>\n<div data-SimpleShopForm=\"NDaxo\"><div>Prodejn\u00ed formul\u00e1\u0159 je vytvo\u0159en v syst\u00e9mu <a href=\"https:\/\/www.simpleshop.cz\/\" target=\"_blank\">SimpleShop.cz<\/a>.<\/div><\/div>\n\n\n\n","protected":false},"excerpt":{"rendered":"<p>Ak ste si kurz u\u017e zak\u00fapili m\u00f4\u017eete sa prihl\u00e1si\u0165 TU<\/p>","protected":false},"author":1,"featured_media":0,"parent":0,"menu_order":0,"comment_status":"closed","ping_status":"closed","template":"","meta":{"site-sidebar-layout":"default","site-content-layout":"","ast-site-content-layout":"default","site-content-style":"default","site-sidebar-style":"default","ast-global-header-display":"","ast-banner-title-visibility":"","ast-main-header-display":"","ast-hfb-above-header-display":"","ast-hfb-below-header-display":"","ast-hfb-mobile-header-display":"","site-post-title":"disabled","ast-breadcrumbs-content":"","ast-featured-img":"","footer-sml-layout":"","ast-disable-related-posts":"","theme-transparent-header-meta":"","adv-header-id-meta":"","stick-header-meta":"","header-above-stick-meta":"","header-main-stick-meta":"","header-below-stick-meta":"","astra-migrate-meta-layouts":"set","ast-page-background-enabled":"default","ast-page-background-meta":{"desktop":{"background-color":"","background-image":"","background-repeat":"repeat","background-position":"center center","background-size":"auto","background-attachment":"scroll","background-type":"","background-media":"","overlay-type":"","overlay-color":"","overlay-opacity":"","overlay-gradient":""},"tablet":{"background-color":"","background-image":"","background-repeat":"repeat","background-position":"center center","background-size":"auto","background-attachment":"scroll","background-type":"","background-media":"","overlay-type":"","overlay-color":"","overlay-opacity":"","overlay-gradient":""},"mobile":{"background-color":"","background-image":"","background-repeat":"repeat","background-position":"center center","background-size":"auto","background-attachment":"scroll","background-type":"","background-media":"","overlay-type":"","overlay-color":"","overlay-opacity":"","overlay-gradient":""}},"ast-content-background-meta":{"desktop":{"background-color":"var(--ast-global-color-5)","background-image":"","background-repeat":"repeat","background-position":"center center","background-size":"auto","background-attachment":"scroll","background-type":"","background-media":"","overlay-type":"","overlay-color":"","overlay-opacity":"","overlay-gradient":""},"tablet":{"background-color":"var(--ast-global-color-5)","background-image":"","background-repeat":"repeat","background-position":"center center","background-size":"auto","background-attachment":"scroll","background-type":"","background-media":"","overlay-type":"","overlay-color":"","overlay-opacity":"","overlay-gradient":""},"mobile":{"background-color":"var(--ast-global-color-5)","background-image":"","background-repeat":"repeat","background-position":"center center","background-size":"auto","background-attachment":"scroll","background-type":"","background-media":"","overlay-type":"","overlay-color":"","overlay-opacity":"","overlay-gradient":""}},"footnotes":""},"class_list":["post-4525","page","type-page","status-publish","hentry"],"yoast_head":"<!-- This site is optimized with the Yoast SEO plugin v27.4 - https:\/\/yoast.com\/product\/yoast-seo-wordpress\/ -->\n<title>Postgradu\u00e1lny semin\u00e1r - Lieky 2 - Inner Alchemy<\/title>\n<meta name=\"robots\" content=\"index, follow, max-snippet:-1, max-image-preview:large, max-video-preview:-1\" \/>\n<link rel=\"canonical\" href=\"https:\/\/www.inner-alchemy.eu\/en\/postgradualny-seminar-lieky-2\/\" \/>\n<meta property=\"og:locale\" content=\"en_GB\" \/>\n<meta property=\"og:type\" content=\"article\" \/>\n<meta property=\"og:title\" content=\"Postgradu\u00e1lny semin\u00e1r - Lieky 2 - Inner Alchemy\" \/>\n<meta property=\"og:description\" content=\"Ak ste si kurz u\u017e zak\u00fapili m\u00f4\u017eete sa prihl\u00e1si\u0165 TU\" \/>\n<meta property=\"og:url\" content=\"https:\/\/www.inner-alchemy.eu\/en\/postgradualny-seminar-lieky-2\/\" \/>\n<meta property=\"og:site_name\" content=\"Inner Alchemy\" \/>\n<meta property=\"article:modified_time\" content=\"2026-04-22T18:03:48+00:00\" \/>\n<meta name=\"twitter:card\" content=\"summary_large_image\" \/>\n<meta name=\"twitter:label1\" content=\"Estimated reading time\" \/>\n\t<meta name=\"twitter:data1\" content=\"1 minute\" \/>\n<script type=\"application\/ld+json\" class=\"yoast-schema-graph\">{\"@context\":\"https:\\\/\\\/schema.org\",\"@graph\":[{\"@type\":\"WebPage\",\"@id\":\"https:\\\/\\\/www.inner-alchemy.eu\\\/postgradualny-seminar-lieky-2\\\/\",\"url\":\"https:\\\/\\\/www.inner-alchemy.eu\\\/postgradualny-seminar-lieky-2\\\/\",\"name\":\"Postgradu\u00e1lny semin\u00e1r - Lieky 2 - Inner Alchemy\",\"isPartOf\":{\"@id\":\"https:\\\/\\\/www.inner-alchemy.eu\\\/#website\"},\"datePublished\":\"2026-04-22T17:18:53+00:00\",\"dateModified\":\"2026-04-22T18:03:48+00:00\",\"breadcrumb\":{\"@id\":\"https:\\\/\\\/www.inner-alchemy.eu\\\/postgradualny-seminar-lieky-2\\\/#breadcrumb\"},\"inLanguage\":\"en-GB\",\"potentialAction\":[{\"@type\":\"ReadAction\",\"target\":[\"https:\\\/\\\/www.inner-alchemy.eu\\\/postgradualny-seminar-lieky-2\\\/\"]}]},{\"@type\":\"BreadcrumbList\",\"@id\":\"https:\\\/\\\/www.inner-alchemy.eu\\\/postgradualny-seminar-lieky-2\\\/#breadcrumb\",\"itemListElement\":[{\"@type\":\"ListItem\",\"position\":1,\"name\":\"Domovsk\u00e1 str\u00e1nka\",\"item\":\"https:\\\/\\\/www.inner-alchemy.eu\\\/\"},{\"@type\":\"ListItem\",\"position\":2,\"name\":\"Postgradu\u00e1lny semin\u00e1r &#8211; Lieky 2\"}]},{\"@type\":\"WebSite\",\"@id\":\"https:\\\/\\\/www.inner-alchemy.eu\\\/#website\",\"url\":\"https:\\\/\\\/www.inner-alchemy.eu\\\/\",\"name\":\"Inner Alchemy\",\"description\":\"Nov\u00fd a lep\u0161\u00ed sp\u00f4sob \u017eivota\",\"publisher\":{\"@id\":\"https:\\\/\\\/www.inner-alchemy.eu\\\/#organization\"},\"alternateName\":\"Inner Alchemy - \u0161kola \u010d\u00ednskej medic\u00edny\",\"potentialAction\":[{\"@type\":\"SearchAction\",\"target\":{\"@type\":\"EntryPoint\",\"urlTemplate\":\"https:\\\/\\\/www.inner-alchemy.eu\\\/?s={search_term_string}\"},\"query-input\":{\"@type\":\"PropertyValueSpecification\",\"valueRequired\":true,\"valueName\":\"search_term_string\"}}],\"inLanguage\":\"en-GB\"},{\"@type\":\"Organization\",\"@id\":\"https:\\\/\\\/www.inner-alchemy.eu\\\/#organization\",\"name\":\"Inner Alchemy\",\"alternateName\":\"\u0160kola klasickej \u010d\u00ednskej medic\u00edny na Slovensku\",\"url\":\"https:\\\/\\\/www.inner-alchemy.eu\\\/\",\"logo\":{\"@type\":\"ImageObject\",\"inLanguage\":\"en-GB\",\"@id\":\"https:\\\/\\\/www.inner-alchemy.eu\\\/#\\\/schema\\\/logo\\\/image\\\/\",\"url\":\"https:\\\/\\\/www.inner-alchemy.eu\\\/wp-content\\\/uploads\\\/2023\\\/01\\\/LOGOlifeW.png\",\"contentUrl\":\"https:\\\/\\\/www.inner-alchemy.eu\\\/wp-content\\\/uploads\\\/2023\\\/01\\\/LOGOlifeW.png\",\"width\":49,\"height\":61,\"caption\":\"Inner Alchemy\"},\"image\":{\"@id\":\"https:\\\/\\\/www.inner-alchemy.eu\\\/#\\\/schema\\\/logo\\\/image\\\/\"}}]}<\/script>\n<!-- \/ Yoast SEO plugin. -->","yoast_head_json":{"title":"Postgradu\u00e1lny semin\u00e1r - Lieky 2 - Inner Alchemy","robots":{"index":"index","follow":"follow","max-snippet":"max-snippet:-1","max-image-preview":"max-image-preview:large","max-video-preview":"max-video-preview:-1"},"canonical":"https:\/\/www.inner-alchemy.eu\/en\/postgradualny-seminar-lieky-2\/","og_locale":"en_GB","og_type":"article","og_title":"Postgradu\u00e1lny semin\u00e1r - Lieky 2 - Inner Alchemy","og_description":"Ak ste si kurz u\u017e zak\u00fapili m\u00f4\u017eete sa prihl\u00e1si\u0165 TU","og_url":"https:\/\/www.inner-alchemy.eu\/en\/postgradualny-seminar-lieky-2\/","og_site_name":"Inner Alchemy","article_modified_time":"2026-04-22T18:03:48+00:00","twitter_card":"summary_large_image","twitter_misc":{"Estimated reading time":"1 minute"},"schema":{"@context":"https:\/\/schema.org","@graph":[{"@type":"WebPage","@id":"https:\/\/www.inner-alchemy.eu\/postgradualny-seminar-lieky-2\/","url":"https:\/\/www.inner-alchemy.eu\/postgradualny-seminar-lieky-2\/","name":"Postgradu\u00e1lny semin\u00e1r - Lieky 2 - Inner Alchemy","isPartOf":{"@id":"https:\/\/www.inner-alchemy.eu\/#website"},"datePublished":"2026-04-22T17:18:53+00:00","dateModified":"2026-04-22T18:03:48+00:00","breadcrumb":{"@id":"https:\/\/www.inner-alchemy.eu\/postgradualny-seminar-lieky-2\/#breadcrumb"},"inLanguage":"en-GB","potentialAction":[{"@type":"ReadAction","target":["https:\/\/www.inner-alchemy.eu\/postgradualny-seminar-lieky-2\/"]}]},{"@type":"BreadcrumbList","@id":"https:\/\/www.inner-alchemy.eu\/postgradualny-seminar-lieky-2\/#breadcrumb","itemListElement":[{"@type":"ListItem","position":1,"name":"Domovsk\u00e1 str\u00e1nka","item":"https:\/\/www.inner-alchemy.eu\/"},{"@type":"ListItem","position":2,"name":"Postgradu\u00e1lny semin\u00e1r &#8211; Lieky 2"}]},{"@type":"WebSite","@id":"https:\/\/www.inner-alchemy.eu\/#website","url":"https:\/\/www.inner-alchemy.eu\/","name":"Inner Alchemy","description":"Nov\u00fd a lep\u0161\u00ed sp\u00f4sob \u017eivota","publisher":{"@id":"https:\/\/www.inner-alchemy.eu\/#organization"},"alternateName":"Inner Alchemy - \u0161kola \u010d\u00ednskej medic\u00edny","potentialAction":[{"@type":"SearchAction","target":{"@type":"EntryPoint","urlTemplate":"https:\/\/www.inner-alchemy.eu\/?s={search_term_string}"},"query-input":{"@type":"PropertyValueSpecification","valueRequired":true,"valueName":"search_term_string"}}],"inLanguage":"en-GB"},{"@type":"Organization","@id":"https:\/\/www.inner-alchemy.eu\/#organization","name":"Inner Alchemy","alternateName":"\u0160kola klasickej \u010d\u00ednskej medic\u00edny na Slovensku","url":"https:\/\/www.inner-alchemy.eu\/","logo":{"@type":"ImageObject","inLanguage":"en-GB","@id":"https:\/\/www.inner-alchemy.eu\/#\/schema\/logo\/image\/","url":"https:\/\/www.inner-alchemy.eu\/wp-content\/uploads\/2023\/01\/LOGOlifeW.png","contentUrl":"https:\/\/www.inner-alchemy.eu\/wp-content\/uploads\/2023\/01\/LOGOlifeW.png","width":49,"height":61,"caption":"Inner Alchemy"},"image":{"@id":"https:\/\/www.inner-alchemy.eu\/#\/schema\/logo\/image\/"}}]}},"_links":{"self":[{"href":"https:\/\/www.inner-alchemy.eu\/en\/wp-json\/wp\/v2\/pages\/4525","targetHints":{"allow":["GET"]}}],"collection":[{"href":"https:\/\/www.inner-alchemy.eu\/en\/wp-json\/wp\/v2\/pages"}],"about":[{"href":"https:\/\/www.inner-alchemy.eu\/en\/wp-json\/wp\/v2\/types\/page"}],"author":[{"embeddable":true,"href":"https:\/\/www.inner-alchemy.eu\/en\/wp-json\/wp\/v2\/users\/1"}],"replies":[{"embeddable":true,"href":"https:\/\/www.inner-alchemy.eu\/en\/wp-json\/wp\/v2\/comments?post=4525"}],"version-history":[{"count":4,"href":"https:\/\/www.inner-alchemy.eu\/en\/wp-json\/wp\/v2\/pages\/4525\/revisions"}],"predecessor-version":[{"id":4556,"href":"https:\/\/www.inner-alchemy.eu\/en\/wp-json\/wp\/v2\/pages\/4525\/revisions\/4556"}],"wp:attachment":[{"href":"https:\/\/www.inner-alchemy.eu\/en\/wp-json\/wp\/v2\/media?parent=4525"}],"curies":[{"name":"wp","href":"https:\/\/api.w.org\/{rel}","templated":true}]}}